{"id":640,"date":"2024-02-07T19:20:28","date_gmt":"2024-02-07T18:20:28","guid":{"rendered":"http:\/\/procorpus.lu\/de\/?page_id=640"},"modified":"2024-06-08T10:39:02","modified_gmt":"2024-06-08T08:39:02","slug":"fussreflexologie-fuer-pediatrie","status":"publish","type":"page","link":"https:\/\/procorpus.lu\/de\/fussreflexologie-fuer-pediatrie\/","title":{"rendered":"Fu\u00dfreflexzonentherapie &#8211; P\u00e4diatrie &amp; Schwangere Frauen"},"content":{"rendered":"\t\t<div data-elementor-type=\"wp-page\" data-elementor-id=\"640\" class=\"elementor elementor-640\">\n\t\t\t\t<div class=\"elementor-element elementor-element-be3d7b8 e-con-full e-flex e-con e-parent\" data-id=\"be3d7b8\" data-element_type=\"container\" data-settings=\"{&quot;background_background&quot;:&quot;classic&quot;}\">\n\t\t\t\t<\/div>\n\t\t<div class=\"elementor-element elementor-element-77bad2a e-flex e-con-boxed e-con e-parent\" data-id=\"77bad2a\" data-element_type=\"container\">\n\t\t\t\t\t<div class=\"e-con-inner\">\n\t\t\t\t<div class=\"elementor-element elementor-element-138f63f elementor-widget elementor-widget-heading\" data-id=\"138f63f\" data-element_type=\"widget\" data-widget_type=\"heading.default\">\n\t\t\t\t<div class=\"elementor-widget-container\">\n\t\t\t\t\t<h1 class=\"elementor-heading-title elementor-size-default\">Fu\u00dfreflexzonentherapie<\/h1>\t\t\t\t<\/div>\n\t\t\t\t<\/div>\n\t\t\t\t\t<\/div>\n\t\t\t\t<\/div>\n\t\t<div class=\"elementor-element elementor-element-81f5710 e-flex e-con-boxed e-con e-parent\" data-id=\"81f5710\" data-element_type=\"container\">\n\t\t\t\t\t<div class=\"e-con-inner\">\n\t\t<div class=\"elementor-element elementor-element-52efe18 e-flex e-con-boxed e-con e-child\" data-id=\"52efe18\" data-element_type=\"container\">\n\t\t\t\t\t<div class=\"e-con-inner\">\n\t\t\t\t<div class=\"elementor-element elementor-element-9242488 elementor-widget elementor-widget-text-editor\" data-id=\"9242488\" data-element_type=\"widget\" data-widget_type=\"text-editor.default\">\n\t\t\t\t<div class=\"elementor-widget-container\">\n\t\t\t\t\t\t\t\t\t<p>P\u00e4diatrie &amp; Schwangere Frauen<\/p>\t\t\t\t\t\t\t\t<\/div>\n\t\t\t\t<\/div>\n\t\t\t\t\t<\/div>\n\t\t\t\t<\/div>\n\t\t\t\t\t<\/div>\n\t\t\t\t<\/div>\n\t\t<div class=\"elementor-element elementor-element-9f736f6 e-flex e-con-boxed e-con e-parent\" data-id=\"9f736f6\" data-element_type=\"container\">\n\t\t\t\t\t<div class=\"e-con-inner\">\n\t\t<div class=\"elementor-element elementor-element-4ab8bed e-flex e-con-boxed e-con e-child\" data-id=\"4ab8bed\" data-element_type=\"container\">\n\t\t\t\t\t<div class=\"e-con-inner\">\n\t\t\t\t<div class=\"elementor-element elementor-element-2ed68df elementor-widget elementor-widget-heading\" data-id=\"2ed68df\" data-element_type=\"widget\" data-widget_type=\"heading.default\">\n\t\t\t\t<div class=\"elementor-widget-container\">\n\t\t\t\t\t<h3 class=\"elementor-heading-title elementor-size-default\">Die Behandlung<\/h3>\t\t\t\t<\/div>\n\t\t\t\t<\/div>\n\t\t\t\t<div class=\"elementor-element elementor-element-27a1d68 elementor-widget elementor-widget-text-editor\" data-id=\"27a1d68\" data-element_type=\"widget\" data-widget_type=\"text-editor.default\">\n\t\t\t\t<div class=\"elementor-widget-container\">\n\t\t\t\t\t\t\t\t\t<p>Die <strong>p\u00e4diatrische Fu\u00dfreflexzonentherapie<\/strong> wird bei <b>Neugeborenen &amp;\u00a0Kindern<\/b>\u00a0bis\u00a0zum Alter von <strong>15 Jahren<\/strong> angewendet.<\/p><p>Sie richtet sich ebenfalls an <b>werdende M\u00fctter<\/b><strong>: <\/strong><\/p><ul><li>vor der Schwangerschaft,<\/li><li>nach dem 3. Schwangerschaftsmonat,<\/li><li>nach der Geburt<\/li><\/ul>\t\t\t\t\t\t\t\t<\/div>\n\t\t\t\t<\/div>\n\t\t\t\t\t<\/div>\n\t\t\t\t<\/div>\n\t\t<div class=\"elementor-element elementor-element-40748e4 e-con-full elementor-hidden-mobile e-flex e-con e-child\" data-id=\"40748e4\" data-element_type=\"container\" data-settings=\"{&quot;background_background&quot;:&quot;classic&quot;}\">\n\t\t\t\t<\/div>\n\t\t\t\t\t<\/div>\n\t\t\t\t<\/div>\n\t\t<div class=\"elementor-element elementor-element-dc39ec1 e-con-full e-flex e-con e-parent\" data-id=\"dc39ec1\" data-element_type=\"container\">\n\t\t\t\t<div class=\"elementor-element elementor-element-26e86ba elementor-arrows-position-inside elementor-pagination-position-outside elementor-widget elementor-widget-image-carousel\" data-id=\"26e86ba\" data-element_type=\"widget\" data-settings=\"{&quot;slides_to_show&quot;:&quot;6&quot;,&quot;navigation&quot;:&quot;both&quot;,&quot;autoplay&quot;:&quot;yes&quot;,&quot;pause_on_hover&quot;:&quot;yes&quot;,&quot;pause_on_interaction&quot;:&quot;yes&quot;,&quot;autoplay_speed&quot;:5000,&quot;infinite&quot;:&quot;yes&quot;,&quot;speed&quot;:500}\" data-widget_type=\"image-carousel.default\">\n\t\t\t\t<div class=\"elementor-widget-container\">\n\t\t\t\t\t\t\t<div class=\"elementor-image-carousel-wrapper swiper\" role=\"region\" aria-roledescription=\"carousel\" aria-label=\"Bild Karussell\" dir=\"ltr\">\n\t\t\t<div class=\"elementor-image-carousel swiper-wrapper\" aria-live=\"off\">\n\t\t\t\t\t\t\t\t<div class=\"swiper-slide\" role=\"group\" aria-roledescription=\"slide\" aria-label=\"1 von 6\"><figure class=\"swiper-slide-inner\"><img decoding=\"async\" class=\"swiper-slide-image\" src=\"https:\/\/procorpus.lu\/de\/wp-content\/uploads\/2024\/03\/photo-1506543277633-99deabfcd722-ezgif.com-avif-to-jpg-converter-300x300.jpg\" alt=\"photo-1506543277633-99deabfcd722-ezgif.com-avif-to-jpg-converter\" \/><\/figure><\/div><div class=\"swiper-slide\" role=\"group\" aria-roledescription=\"slide\" aria-label=\"2 von 6\"><figure class=\"swiper-slide-inner\"><img decoding=\"async\" class=\"swiper-slide-image\" src=\"https:\/\/procorpus.lu\/de\/wp-content\/uploads\/2024\/03\/photo-1556043404-db319d9f1825-300x300.jpg\" alt=\"photo-1556043404-db319d9f1825\" \/><\/figure><\/div><div class=\"swiper-slide\" role=\"group\" aria-roledescription=\"slide\" aria-label=\"3 von 6\"><figure class=\"swiper-slide-inner\"><img decoding=\"async\" class=\"swiper-slide-image\" src=\"https:\/\/procorpus.lu\/de\/wp-content\/uploads\/2024\/03\/photo-1504177151729-0e0600389766-300x300.jpg\" alt=\"photo-1504177151729-0e0600389766\" \/><\/figure><\/div><div class=\"swiper-slide\" role=\"group\" aria-roledescription=\"slide\" aria-label=\"4 von 6\"><figure class=\"swiper-slide-inner\"><img decoding=\"async\" class=\"swiper-slide-image\" src=\"https:\/\/procorpus.lu\/de\/wp-content\/uploads\/2024\/03\/photo-1501169684728-a1f57bbb5a3e-300x300.jpg\" alt=\"photo-1501169684728-a1f57bbb5a3e\" \/><\/figure><\/div><div class=\"swiper-slide\" role=\"group\" aria-roledescription=\"slide\" aria-label=\"5 von 6\"><figure class=\"swiper-slide-inner\"><img decoding=\"async\" class=\"swiper-slide-image\" src=\"https:\/\/procorpus.lu\/de\/wp-content\/uploads\/2024\/03\/photo-1516280117825-9fb8966b72a7-300x300.jpg\" alt=\"photo-1516280117825-9fb8966b72a7\" \/><\/figure><\/div><div class=\"swiper-slide\" role=\"group\" aria-roledescription=\"slide\" aria-label=\"6 von 6\"><figure class=\"swiper-slide-inner\"><img decoding=\"async\" class=\"swiper-slide-image\" src=\"https:\/\/procorpus.lu\/de\/wp-content\/uploads\/2024\/03\/photo-1621885811090-35643f4ba437-ezgif.com-avif-to-jpg-converter-300x300.jpg\" alt=\"photo-1621885811090-35643f4ba437-ezgif.com-avif-to-jpg-converter\" \/><\/figure><\/div>\t\t\t<\/div>\n\t\t\t\t\t\t\t\t\t\t\t\t<div class=\"elementor-swiper-button elementor-swiper-button-prev\" role=\"button\" tabindex=\"0\">\n\t\t\t\t\t\t<svg aria-hidden=\"true\" class=\"e-font-icon-svg e-eicon-chevron-left\" viewBox=\"0 0 1000 1000\" xmlns=\"http:\/\/www.w3.org\/2000\/svg\"><path d=\"M646 125C629 125 613 133 604 142L308 442C296 454 292 471 292 487 292 504 296 521 308 533L604 854C617 867 629 875 646 875 663 875 679 871 692 858 704 846 713 829 713 812 713 796 708 779 692 767L438 487 692 225C700 217 708 204 708 187 708 171 704 154 692 142 675 129 663 125 646 125Z\"><\/path><\/svg>\t\t\t\t\t<\/div>\n\t\t\t\t\t<div class=\"elementor-swiper-button elementor-swiper-button-next\" role=\"button\" tabindex=\"0\">\n\t\t\t\t\t\t<svg aria-hidden=\"true\" class=\"e-font-icon-svg e-eicon-chevron-right\" viewBox=\"0 0 1000 1000\" xmlns=\"http:\/\/www.w3.org\/2000\/svg\"><path d=\"M696 533C708 521 713 504 713 487 713 471 708 454 696 446L400 146C388 133 375 125 354 125 338 125 325 129 313 142 300 154 292 171 292 187 292 204 296 221 308 233L563 492 304 771C292 783 288 800 288 817 288 833 296 850 308 863 321 871 338 875 354 875 371 875 388 867 400 854L696 533Z\"><\/path><\/svg>\t\t\t\t\t<\/div>\n\t\t\t\t\n\t\t\t\t\t\t\t\t\t<div class=\"swiper-pagination\"><\/div>\n\t\t\t\t\t\t\t\t\t<\/div>\n\t\t\t\t\t\t<\/div>\n\t\t\t\t<\/div>\n\t\t\t\t<\/div>\n\t\t<div class=\"elementor-element elementor-element-d11cf84 e-flex e-con-boxed e-con e-parent\" data-id=\"d11cf84\" data-element_type=\"container\">\n\t\t\t\t\t<div class=\"e-con-inner\">\n\t\t<div class=\"elementor-element elementor-element-703472e e-flex e-con-boxed e-con e-child\" data-id=\"703472e\" data-element_type=\"container\">\n\t\t\t\t\t<div class=\"e-con-inner\">\n\t\t\t\t<div class=\"elementor-element elementor-element-7a16ffb elementor-widget elementor-widget-heading\" data-id=\"7a16ffb\" data-element_type=\"widget\" data-widget_type=\"heading.default\">\n\t\t\t\t<div class=\"elementor-widget-container\">\n\t\t\t\t\t<h2 class=\"elementor-heading-title elementor-size-default\"><h2 class=\"elementor-heading-title elementor-size-default elementor-inline-editing pen\" data-elementor-setting-key=\"title\" data-pen-placeholder=\"Eingabe hier...\" style=\"outline-style: initial; outline-width: 0px;\">Empfehlung<\/h2><\/h2>\t\t\t\t<\/div>\n\t\t\t\t<\/div>\n\t\t\t\t<div class=\"elementor-element elementor-element-49e8248 elementor-widget elementor-widget-text-editor\" data-id=\"49e8248\" data-element_type=\"widget\" data-widget_type=\"text-editor.default\">\n\t\t\t\t<div class=\"elementor-widget-container\">\n\t\t\t\t\t\t\t\t\t<p><!-- notionvc: 416a965e-8c42-40ab-bb0b-13e7afa0fae5 --><\/p><p><b>Nach einer Sitzung:<\/b><\/p>\t\t\t\t\t\t\t\t<\/div>\n\t\t\t\t<\/div>\n\t\t\t\t\t<\/div>\n\t\t\t\t<\/div>\n\t\t\t\t\t<\/div>\n\t\t\t\t<\/div>\n\t\t<div class=\"elementor-element elementor-element-7238382 e-flex e-con-boxed e-con e-parent\" data-id=\"7238382\" data-element_type=\"container\">\n\t\t\t\t\t<div class=\"e-con-inner\">\n\t\t<div class=\"elementor-element elementor-element-75f8ae5 e-flex e-con-boxed e-con e-child\" data-id=\"75f8ae5\" data-element_type=\"container\">\n\t\t\t\t\t<div class=\"e-con-inner\">\n\t\t\t\t<div class=\"elementor-element elementor-element-28c2a89 elementor-widget elementor-widget-text-editor\" data-id=\"28c2a89\" data-element_type=\"widget\" data-widget_type=\"text-editor.default\">\n\t\t\t\t<div class=\"elementor-widget-container\">\n\t\t\t\t\t\t\t\t\t<ul><li>Viel Wasser\/Tee trinken<\/li><li>sich noch etwas Zeit f\u00fcr sich nehmen (Spazieren gehen, ein Buch lesen, malen usw.)<\/li><li>keine schweren Arbeiten erledigen<\/li><\/ul>\t\t\t\t\t\t\t\t<\/div>\n\t\t\t\t<\/div>\n\t\t\t\t\t<\/div>\n\t\t\t\t<\/div>\n\t\t\t\t\t<\/div>\n\t\t\t\t<\/div>\n\t\t\t\t<\/div>\n\t\t","protected":false},"excerpt":{"rendered":"<p>Fu\u00dfreflexzonentherapie P\u00e4diatrie &amp; Schwangere Frauen Die Behandlung Die p\u00e4diatrische Fu\u00dfreflexzonentherapie wird bei Neugeborenen &amp;\u00a0Kindern\u00a0bis\u00a0zum Alter von 15 Jahren angewendet. Sie richtet sich ebenfalls an werdende M\u00fctter: vor der Schwangerschaft, nach dem 3. Schwangerschaftsmonat, nach der Geburt Empfehlung Nach einer Sitzung: Viel Wasser\/Tee trinken sich noch etwas Zeit f\u00fcr sich nehmen (Spazieren gehen, ein Buch lesen, [&hellip;]<\/p>\n","protected":false},"author":1,"featured_media":0,"parent":0,"menu_order":0,"comment_status":"closed","ping_status":"closed","template":"","meta":{"footnotes":""},"class_list":["post-640","page","type-page","status-publish","hentry"],"yoast_head":"<!-- This site is optimized with the Yoast SEO plugin v26.0 - https:\/\/yoast.com\/wordpress\/plugins\/seo\/ -->\n<title>Fu\u00dfreflexzonentherapie - P\u00e4diatrie &amp; Schwangere Frauen - ProCorpus<\/title>\n<meta name=\"robots\" content=\"index, follow, max-snippet:-1, max-image-preview:large, max-video-preview:-1\" \/>\n<link rel=\"canonical\" href=\"https:\/\/procorpus.lu\/de\/fussreflexologie-fuer-pediatrie\/\" \/>\n<meta property=\"og:locale\" content=\"de_DE\" \/>\n<meta property=\"og:type\" content=\"article\" \/>\n<meta property=\"og:title\" content=\"Fu\u00dfreflexzonentherapie - P\u00e4diatrie &amp; Schwangere Frauen - ProCorpus\" \/>\n<meta property=\"og:description\" content=\"Fu\u00dfreflexzonentherapie P\u00e4diatrie &amp; Schwangere Frauen Die Behandlung Die p\u00e4diatrische Fu\u00dfreflexzonentherapie wird bei Neugeborenen &amp;\u00a0Kindern\u00a0bis\u00a0zum Alter von 15 Jahren angewendet. Sie richtet sich ebenfalls an werdende M\u00fctter: vor der Schwangerschaft, nach dem 3. Schwangerschaftsmonat, nach der Geburt Empfehlung Nach einer Sitzung: Viel Wasser\/Tee trinken sich noch etwas Zeit f\u00fcr sich nehmen (Spazieren gehen, ein Buch lesen, [&hellip;]\" \/>\n<meta property=\"og:url\" content=\"https:\/\/procorpus.lu\/de\/fussreflexologie-fuer-pediatrie\/\" \/>\n<meta property=\"og:site_name\" content=\"ProCorpus\" \/>\n<meta property=\"article:publisher\" content=\"https:\/\/www.facebook.com\/people\/Pro-Corpus-Diederich-Nicole\/61550679693712\/\" \/>\n<meta property=\"article:modified_time\" content=\"2024-06-08T08:39:02+00:00\" \/>\n<meta property=\"og:image\" content=\"https:\/\/procorpus.lu\/de\/wp-content\/uploads\/2024\/03\/photo-1506543277633-99deabfcd722-ezgif.com-avif-to-jpg-converter-300x300.jpg\" \/>\n<meta name=\"twitter:card\" content=\"summary_large_image\" \/>\n<script type=\"application\/ld+json\" class=\"yoast-schema-graph\">{\"@context\":\"https:\/\/schema.org\",\"@graph\":[{\"@type\":\"WebPage\",\"@id\":\"https:\/\/procorpus.lu\/de\/fussreflexologie-fuer-pediatrie\/\",\"url\":\"https:\/\/procorpus.lu\/de\/fussreflexologie-fuer-pediatrie\/\",\"name\":\"Fu\u00dfreflexzonentherapie - P\u00e4diatrie &amp; Schwangere Frauen - ProCorpus\",\"isPartOf\":{\"@id\":\"https:\/\/procorpus.lu\/de\/#website\"},\"primaryImageOfPage\":{\"@id\":\"https:\/\/procorpus.lu\/de\/fussreflexologie-fuer-pediatrie\/#primaryimage\"},\"image\":{\"@id\":\"https:\/\/procorpus.lu\/de\/fussreflexologie-fuer-pediatrie\/#primaryimage\"},\"thumbnailUrl\":\"https:\/\/procorpus.lu\/de\/wp-content\/uploads\/2024\/03\/photo-1506543277633-99deabfcd722-ezgif.com-avif-to-jpg-converter-300x300.jpg\",\"datePublished\":\"2024-02-07T18:20:28+00:00\",\"dateModified\":\"2024-06-08T08:39:02+00:00\",\"breadcrumb\":{\"@id\":\"https:\/\/procorpus.lu\/de\/fussreflexologie-fuer-pediatrie\/#breadcrumb\"},\"inLanguage\":\"de\",\"potentialAction\":[{\"@type\":\"ReadAction\",\"target\":[\"https:\/\/procorpus.lu\/de\/fussreflexologie-fuer-pediatrie\/\"]}]},{\"@type\":\"ImageObject\",\"inLanguage\":\"de\",\"@id\":\"https:\/\/procorpus.lu\/de\/fussreflexologie-fuer-pediatrie\/#primaryimage\",\"url\":\"https:\/\/procorpus.lu\/de\/wp-content\/uploads\/2024\/03\/photo-1506543277633-99deabfcd722-ezgif.com-avif-to-jpg-converter.jpg\",\"contentUrl\":\"https:\/\/procorpus.lu\/de\/wp-content\/uploads\/2024\/03\/photo-1506543277633-99deabfcd722-ezgif.com-avif-to-jpg-converter.jpg\",\"width\":500,\"height\":774},{\"@type\":\"BreadcrumbList\",\"@id\":\"https:\/\/procorpus.lu\/de\/fussreflexologie-fuer-pediatrie\/#breadcrumb\",\"itemListElement\":[{\"@type\":\"ListItem\",\"position\":1,\"name\":\"Startseite\",\"item\":\"https:\/\/procorpus.lu\/de\/\"},{\"@type\":\"ListItem\",\"position\":2,\"name\":\"Fu\u00dfreflexzonentherapie &#8211; P\u00e4diatrie &amp; Schwangere Frauen\"}]},{\"@type\":\"WebSite\",\"@id\":\"https:\/\/procorpus.lu\/de\/#website\",\"url\":\"https:\/\/procorpus.lu\/de\/\",\"name\":\"ProCorpus\",\"description\":\"\",\"publisher\":{\"@id\":\"https:\/\/procorpus.lu\/de\/#\/schema\/person\/0c8416e55fecbb47a329843a1c7afed9\"},\"potentialAction\":[{\"@type\":\"SearchAction\",\"target\":{\"@type\":\"EntryPoint\",\"urlTemplate\":\"https:\/\/procorpus.lu\/de\/?s={search_term_string}\"},\"query-input\":{\"@type\":\"PropertyValueSpecification\",\"valueRequired\":true,\"valueName\":\"search_term_string\"}}],\"inLanguage\":\"de\"},{\"@type\":[\"Person\",\"Organization\"],\"@id\":\"https:\/\/procorpus.lu\/de\/#\/schema\/person\/0c8416e55fecbb47a329843a1c7afed9\",\"name\":\"Nicole Diederich\",\"image\":{\"@type\":\"ImageObject\",\"inLanguage\":\"de\",\"@id\":\"https:\/\/procorpus.lu\/de\/#\/schema\/person\/image\/\",\"url\":\"https:\/\/procorpus.lu\/de\/wp-content\/uploads\/2024\/02\/cropped-procorpus-logo.png\",\"contentUrl\":\"https:\/\/procorpus.lu\/de\/wp-content\/uploads\/2024\/02\/cropped-procorpus-logo.png\",\"width\":799,\"height\":428,\"caption\":\"Nicole Diederich\"},\"logo\":{\"@id\":\"https:\/\/procorpus.lu\/de\/#\/schema\/person\/image\/\"},\"description\":\"Multi-r\u00e9flexologie certifi\u00e9e par REFLEXOLOGIE IN EUROPE NEXUS &amp; Soins \u00c9nerg\u00e9tiques et Ayurvediques \/ Multi-reflexologie zertifiziert von REFLEXOLOGIE IN EUROPE NEXUS &amp; Energeetesch an Ayurvedesch Soins\",\"sameAs\":[\"http:\/\/procorpus.lu\/de\",\"https:\/\/www.facebook.com\/people\/Pro-Corpus-Diederich-Nicole\/61550679693712\/\"]}]}<\/script>\n<!-- \/ Yoast SEO plugin. -->","yoast_head_json":{"title":"Fu\u00dfreflexzonentherapie - P\u00e4diatrie &amp; Schwangere Frauen - ProCorpus","robots":{"index":"index","follow":"follow","max-snippet":"max-snippet:-1","max-image-preview":"max-image-preview:large","max-video-preview":"max-video-preview:-1"},"canonical":"https:\/\/procorpus.lu\/de\/fussreflexologie-fuer-pediatrie\/","og_locale":"de_DE","og_type":"article","og_title":"Fu\u00dfreflexzonentherapie - P\u00e4diatrie &amp; Schwangere Frauen - ProCorpus","og_description":"Fu\u00dfreflexzonentherapie P\u00e4diatrie &amp; Schwangere Frauen Die Behandlung Die p\u00e4diatrische Fu\u00dfreflexzonentherapie wird bei Neugeborenen &amp;\u00a0Kindern\u00a0bis\u00a0zum Alter von 15 Jahren angewendet. Sie richtet sich ebenfalls an werdende M\u00fctter: vor der Schwangerschaft, nach dem 3. Schwangerschaftsmonat, nach der Geburt Empfehlung Nach einer Sitzung: Viel Wasser\/Tee trinken sich noch etwas Zeit f\u00fcr sich nehmen (Spazieren gehen, ein Buch lesen, [&hellip;]","og_url":"https:\/\/procorpus.lu\/de\/fussreflexologie-fuer-pediatrie\/","og_site_name":"ProCorpus","article_publisher":"https:\/\/www.facebook.com\/people\/Pro-Corpus-Diederich-Nicole\/61550679693712\/","article_modified_time":"2024-06-08T08:39:02+00:00","og_image":[{"url":"https:\/\/procorpus.lu\/de\/wp-content\/uploads\/2024\/03\/photo-1506543277633-99deabfcd722-ezgif.com-avif-to-jpg-converter-300x300.jpg","type":"","width":"","height":""}],"twitter_card":"summary_large_image","schema":{"@context":"https:\/\/schema.org","@graph":[{"@type":"WebPage","@id":"https:\/\/procorpus.lu\/de\/fussreflexologie-fuer-pediatrie\/","url":"https:\/\/procorpus.lu\/de\/fussreflexologie-fuer-pediatrie\/","name":"Fu\u00dfreflexzonentherapie - P\u00e4diatrie &amp; Schwangere Frauen - ProCorpus","isPartOf":{"@id":"https:\/\/procorpus.lu\/de\/#website"},"primaryImageOfPage":{"@id":"https:\/\/procorpus.lu\/de\/fussreflexologie-fuer-pediatrie\/#primaryimage"},"image":{"@id":"https:\/\/procorpus.lu\/de\/fussreflexologie-fuer-pediatrie\/#primaryimage"},"thumbnailUrl":"https:\/\/procorpus.lu\/de\/wp-content\/uploads\/2024\/03\/photo-1506543277633-99deabfcd722-ezgif.com-avif-to-jpg-converter-300x300.jpg","datePublished":"2024-02-07T18:20:28+00:00","dateModified":"2024-06-08T08:39:02+00:00","breadcrumb":{"@id":"https:\/\/procorpus.lu\/de\/fussreflexologie-fuer-pediatrie\/#breadcrumb"},"inLanguage":"de","potentialAction":[{"@type":"ReadAction","target":["https:\/\/procorpus.lu\/de\/fussreflexologie-fuer-pediatrie\/"]}]},{"@type":"ImageObject","inLanguage":"de","@id":"https:\/\/procorpus.lu\/de\/fussreflexologie-fuer-pediatrie\/#primaryimage","url":"https:\/\/procorpus.lu\/de\/wp-content\/uploads\/2024\/03\/photo-1506543277633-99deabfcd722-ezgif.com-avif-to-jpg-converter.jpg","contentUrl":"https:\/\/procorpus.lu\/de\/wp-content\/uploads\/2024\/03\/photo-1506543277633-99deabfcd722-ezgif.com-avif-to-jpg-converter.jpg","width":500,"height":774},{"@type":"BreadcrumbList","@id":"https:\/\/procorpus.lu\/de\/fussreflexologie-fuer-pediatrie\/#breadcrumb","itemListElement":[{"@type":"ListItem","position":1,"name":"Startseite","item":"https:\/\/procorpus.lu\/de\/"},{"@type":"ListItem","position":2,"name":"Fu\u00dfreflexzonentherapie &#8211; P\u00e4diatrie &amp; Schwangere Frauen"}]},{"@type":"WebSite","@id":"https:\/\/procorpus.lu\/de\/#website","url":"https:\/\/procorpus.lu\/de\/","name":"ProCorpus","description":"","publisher":{"@id":"https:\/\/procorpus.lu\/de\/#\/schema\/person\/0c8416e55fecbb47a329843a1c7afed9"},"potentialAction":[{"@type":"SearchAction","target":{"@type":"EntryPoint","urlTemplate":"https:\/\/procorpus.lu\/de\/?s={search_term_string}"},"query-input":{"@type":"PropertyValueSpecification","valueRequired":true,"valueName":"search_term_string"}}],"inLanguage":"de"},{"@type":["Person","Organization"],"@id":"https:\/\/procorpus.lu\/de\/#\/schema\/person\/0c8416e55fecbb47a329843a1c7afed9","name":"Nicole Diederich","image":{"@type":"ImageObject","inLanguage":"de","@id":"https:\/\/procorpus.lu\/de\/#\/schema\/person\/image\/","url":"https:\/\/procorpus.lu\/de\/wp-content\/uploads\/2024\/02\/cropped-procorpus-logo.png","contentUrl":"https:\/\/procorpus.lu\/de\/wp-content\/uploads\/2024\/02\/cropped-procorpus-logo.png","width":799,"height":428,"caption":"Nicole Diederich"},"logo":{"@id":"https:\/\/procorpus.lu\/de\/#\/schema\/person\/image\/"},"description":"Multi-r\u00e9flexologie certifi\u00e9e par REFLEXOLOGIE IN EUROPE NEXUS &amp; Soins \u00c9nerg\u00e9tiques et Ayurvediques \/ Multi-reflexologie zertifiziert von REFLEXOLOGIE IN EUROPE NEXUS &amp; Energeetesch an Ayurvedesch Soins","sameAs":["http:\/\/procorpus.lu\/de","https:\/\/www.facebook.com\/people\/Pro-Corpus-Diederich-Nicole\/61550679693712\/"]}]}},"rttpg_featured_image_url":null,"rttpg_author":{"display_name":"Nicole Diederich","author_link":"https:\/\/procorpus.lu\/de\/author\/jtzbwgte1\/"},"rttpg_comment":0,"rttpg_category":null,"rttpg_excerpt":"Fu\u00dfreflexzonentherapie P\u00e4diatrie &amp; Schwangere Frauen Die Behandlung Die p\u00e4diatrische Fu\u00dfreflexzonentherapie wird bei Neugeborenen &amp;\u00a0Kindern\u00a0bis\u00a0zum Alter von 15 Jahren angewendet. Sie richtet sich ebenfalls an werdende M\u00fctter: vor der Schwangerschaft, nach dem 3. Schwangerschaftsmonat, nach der Geburt Empfehlung Nach einer Sitzung: Viel Wasser\/Tee trinken sich noch etwas Zeit f\u00fcr sich nehmen (Spazieren gehen, ein Buch lesen,&hellip;","_links":{"self":[{"href":"https:\/\/procorpus.lu\/de\/wp-json\/wp\/v2\/pages\/640","targetHints":{"allow":["GET"]}}],"collection":[{"href":"https:\/\/procorpus.lu\/de\/wp-json\/wp\/v2\/pages"}],"about":[{"href":"https:\/\/procorpus.lu\/de\/wp-json\/wp\/v2\/types\/page"}],"author":[{"embeddable":true,"href":"https:\/\/procorpus.lu\/de\/wp-json\/wp\/v2\/users\/1"}],"replies":[{"embeddable":true,"href":"https:\/\/procorpus.lu\/de\/wp-json\/wp\/v2\/comments?post=640"}],"version-history":[{"count":90,"href":"https:\/\/procorpus.lu\/de\/wp-json\/wp\/v2\/pages\/640\/revisions"}],"predecessor-version":[{"id":2223,"href":"https:\/\/procorpus.lu\/de\/wp-json\/wp\/v2\/pages\/640\/revisions\/2223"}],"wp:attachment":[{"href":"https:\/\/procorpus.lu\/de\/wp-json\/wp\/v2\/media?parent=640"}],"curies":[{"name":"wp","href":"https:\/\/api.w.org\/{rel}","templated":true}]}}