{"id":638,"date":"2024-02-07T19:19:27","date_gmt":"2024-02-07T18:19:27","guid":{"rendered":"http:\/\/procorpus.lu\/de\/?page_id=638"},"modified":"2024-06-05T23:29:28","modified_gmt":"2024-06-05T21:29:28","slug":"shinzu-the-face","status":"publish","type":"page","link":"https:\/\/procorpus.lu\/de\/shinzu-the-face\/","title":{"rendered":"Shinzu &#8222;The Face&#8220;\u2122"},"content":{"rendered":"\t\t<div data-elementor-type=\"wp-page\" data-elementor-id=\"638\" class=\"elementor elementor-638\">\n\t\t\t\t<div class=\"elementor-element elementor-element-284e678 e-con-full e-flex e-con e-parent\" data-id=\"284e678\" data-element_type=\"container\" data-settings=\"{&quot;background_background&quot;:&quot;classic&quot;}\">\n\t\t\t\t<\/div>\n\t\t<div class=\"elementor-element elementor-element-4ece4d0 e-flex e-con-boxed e-con e-parent\" data-id=\"4ece4d0\" data-element_type=\"container\">\n\t\t\t\t\t<div class=\"e-con-inner\">\n\t\t\t\t<div class=\"elementor-element elementor-element-6ffb950 elementor-widget elementor-widget-heading\" data-id=\"6ffb950\" data-element_type=\"widget\" data-widget_type=\"heading.default\">\n\t\t\t\t<div class=\"elementor-widget-container\">\n\t\t\t\t\t<h1 class=\"elementor-heading-title elementor-size-default\">Shinzu The Face\u2122<\/h1>\t\t\t\t<\/div>\n\t\t\t\t<\/div>\n\t\t\t\t\t<\/div>\n\t\t\t\t<\/div>\n\t\t<div class=\"elementor-element elementor-element-fd90e8b e-flex e-con-boxed e-con e-parent\" data-id=\"fd90e8b\" data-element_type=\"container\">\n\t\t\t\t\t<div class=\"e-con-inner\">\n\t\t<div class=\"elementor-element elementor-element-3b9ff39 e-flex e-con-boxed e-con e-child\" data-id=\"3b9ff39\" data-element_type=\"container\">\n\t\t\t\t\t<div class=\"e-con-inner\">\n\t\t\t\t<div class=\"elementor-element elementor-element-23cb39c elementor-widget elementor-widget-text-editor\" data-id=\"23cb39c\" data-element_type=\"widget\" data-widget_type=\"text-editor.default\">\n\t\t\t\t<div class=\"elementor-widget-container\">\n\t\t\t\t\t\t\t\t\t<p>Eine au\u00dfergew\u00f6hnliche ayurvedische Auszeit!<\/p>\t\t\t\t\t\t\t\t<\/div>\n\t\t\t\t<\/div>\n\t\t\t\t\t<\/div>\n\t\t\t\t<\/div>\n\t\t\t\t\t<\/div>\n\t\t\t\t<\/div>\n\t\t<div class=\"elementor-element elementor-element-bf46354 e-flex e-con-boxed e-con e-parent\" data-id=\"bf46354\" data-element_type=\"container\">\n\t\t\t\t\t<div class=\"e-con-inner\">\n\t\t<div class=\"elementor-element elementor-element-4af70da e-flex e-con-boxed e-con e-child\" data-id=\"4af70da\" data-element_type=\"container\">\n\t\t\t\t\t<div class=\"e-con-inner\">\n\t\t\t\t<div class=\"elementor-element elementor-element-857cc77 elementor-widget elementor-widget-heading\" data-id=\"857cc77\" data-element_type=\"widget\" data-widget_type=\"heading.default\">\n\t\t\t\t<div class=\"elementor-widget-container\">\n\t\t\t\t\t<h3 class=\"elementor-heading-title elementor-size-default\">Die Behandlung<\/h3>\t\t\t\t<\/div>\n\t\t\t\t<\/div>\n\t\t\t\t<div class=\"elementor-element elementor-element-f87b672 elementor-widget elementor-widget-text-editor\" data-id=\"f87b672\" data-element_type=\"widget\" data-widget_type=\"text-editor.default\">\n\t\t\t\t<div class=\"elementor-widget-container\">\n\t\t\t\t\t\t\t\t\t<p><strong>Die 100% nat\u00fcrliche <a href=\"https:\/\/humanlife-academy.com\/\">Shinzu The Face\u2122<\/a>-Behandlung<\/strong>\u00a0des Hinterkopfes, des Nackens, des oberen R\u00fcckens und des Gesichts bringt auf sanfte Weise Leben und Licht in das Gesicht, ohne Anwendung und Verwendung chemischer oder mechanischer Produkte.<\/p><p>F\u00fcr ein sofortiges Strahlen, eine gro\u00dfe Linderung von Verspannungen und auch eine Revitalisierung all Ihrer Zellen.<\/p><p><strong>Shinzu The Face\u2122<\/strong> entlastet Ihre Schulter- und Nackenmuskeln, w\u00e4hrend es Ihre Haut entgiftet und K\u00f6rper und Geist vereint<\/p>\t\t\t\t\t\t\t\t<\/div>\n\t\t\t\t<\/div>\n\t\t\t\t\t<\/div>\n\t\t\t\t<\/div>\n\t\t<div class=\"elementor-element elementor-element-1ebe95d e-con-full e-flex e-con e-child\" data-id=\"1ebe95d\" data-element_type=\"container\" data-settings=\"{&quot;background_background&quot;:&quot;classic&quot;}\">\n\t\t\t\t<\/div>\n\t\t\t\t\t<\/div>\n\t\t\t\t<\/div>\n\t\t<div class=\"elementor-element elementor-element-68467d3 e-flex e-con-boxed e-con e-parent\" data-id=\"68467d3\" data-element_type=\"container\">\n\t\t\t\t\t<div class=\"e-con-inner\">\n\t\t<div class=\"elementor-element elementor-element-145a005 e-con-full elementor-hidden-mobile e-flex e-con e-child\" data-id=\"145a005\" data-element_type=\"container\" data-settings=\"{&quot;background_background&quot;:&quot;classic&quot;}\">\n\t\t\t\t<\/div>\n\t\t<div class=\"elementor-element elementor-element-58fe023 e-flex e-con-boxed e-con e-child\" data-id=\"58fe023\" data-element_type=\"container\">\n\t\t\t\t\t<div class=\"e-con-inner\">\n\t\t\t\t<div class=\"elementor-element elementor-element-835aeb6 elementor-widget elementor-widget-heading\" data-id=\"835aeb6\" data-element_type=\"widget\" data-widget_type=\"heading.default\">\n\t\t\t\t<div class=\"elementor-widget-container\">\n\t\t\t\t\t<h3 class=\"elementor-heading-title elementor-size-default\">Die Tradition<\/h3>\t\t\t\t<\/div>\n\t\t\t\t<\/div>\n\t\t\t\t<div class=\"elementor-element elementor-element-b9a610c elementor-widget elementor-widget-text-editor\" data-id=\"b9a610c\" data-element_type=\"widget\" data-widget_type=\"text-editor.default\">\n\t\t\t\t<div class=\"elementor-widget-container\">\n\t\t\t\t\t\t\t\t\t<p><strong>Kansa, ausgesprochen als &#8222;Kaahn-sah&#8220;<\/strong>, ist bekannt als das heilende Metall Indiens.<\/p><p>Im Ayurveda, der alten indischen Wissenschaft des Lebens, wurde Kansa als heilendes Metall verehrt und zur Heilung des K\u00f6rpers eingesetzt, wodurch die entgiftende Wirkung von Kansa seit Jahrhunderten anerkannt wird.<\/p><p>Als einzigartige Version der Bronze ist Kansa eine <strong>Mischung aus reinem Kupfer und Zinn<\/strong> in einem festen Verh\u00e4ltnis.<\/p>\t\t\t\t\t\t\t\t<\/div>\n\t\t\t\t<\/div>\n\t\t\t\t\t<\/div>\n\t\t\t\t<\/div>\n\t\t\t\t\t<\/div>\n\t\t\t\t<\/div>\n\t\t<div class=\"elementor-element elementor-element-7d63158 e-con-full e-flex e-con e-parent\" data-id=\"7d63158\" data-element_type=\"container\">\n\t\t\t\t<div class=\"elementor-element elementor-element-83b579b elementor-arrows-position-inside elementor-pagination-position-outside elementor-widget elementor-widget-image-carousel\" data-id=\"83b579b\" data-element_type=\"widget\" data-settings=\"{&quot;slides_to_show&quot;:&quot;6&quot;,&quot;navigation&quot;:&quot;both&quot;,&quot;autoplay&quot;:&quot;yes&quot;,&quot;pause_on_hover&quot;:&quot;yes&quot;,&quot;pause_on_interaction&quot;:&quot;yes&quot;,&quot;autoplay_speed&quot;:5000,&quot;infinite&quot;:&quot;yes&quot;,&quot;speed&quot;:500}\" data-widget_type=\"image-carousel.default\">\n\t\t\t\t<div class=\"elementor-widget-container\">\n\t\t\t\t\t\t\t<div class=\"elementor-image-carousel-wrapper swiper\" role=\"region\" aria-roledescription=\"carousel\" aria-label=\"Bild Karussell\" dir=\"ltr\">\n\t\t\t<div class=\"elementor-image-carousel swiper-wrapper\" aria-live=\"off\">\n\t\t\t\t\t\t\t\t<div class=\"swiper-slide\" role=\"group\" aria-roledescription=\"slide\" aria-label=\"1 von 6\"><figure class=\"swiper-slide-inner\"><img decoding=\"async\" class=\"swiper-slide-image\" src=\"https:\/\/procorpus.lu\/de\/wp-content\/uploads\/2024\/03\/photo-1506543277633-99deabfcd722-ezgif.com-avif-to-jpg-converter-300x300.jpg\" alt=\"photo-1506543277633-99deabfcd722-ezgif.com-avif-to-jpg-converter\" \/><\/figure><\/div><div class=\"swiper-slide\" role=\"group\" aria-roledescription=\"slide\" aria-label=\"2 von 6\"><figure class=\"swiper-slide-inner\"><img decoding=\"async\" class=\"swiper-slide-image\" src=\"https:\/\/procorpus.lu\/de\/wp-content\/uploads\/2024\/03\/photo-1556043404-db319d9f1825-300x300.jpg\" alt=\"photo-1556043404-db319d9f1825\" \/><\/figure><\/div><div class=\"swiper-slide\" role=\"group\" aria-roledescription=\"slide\" aria-label=\"3 von 6\"><figure class=\"swiper-slide-inner\"><img decoding=\"async\" class=\"swiper-slide-image\" src=\"https:\/\/procorpus.lu\/de\/wp-content\/uploads\/2024\/03\/photo-1504177151729-0e0600389766-300x300.jpg\" alt=\"photo-1504177151729-0e0600389766\" \/><\/figure><\/div><div class=\"swiper-slide\" role=\"group\" aria-roledescription=\"slide\" aria-label=\"4 von 6\"><figure class=\"swiper-slide-inner\"><img decoding=\"async\" class=\"swiper-slide-image\" src=\"https:\/\/procorpus.lu\/de\/wp-content\/uploads\/2024\/03\/photo-1501169684728-a1f57bbb5a3e-300x300.jpg\" alt=\"photo-1501169684728-a1f57bbb5a3e\" \/><\/figure><\/div><div class=\"swiper-slide\" role=\"group\" aria-roledescription=\"slide\" aria-label=\"5 von 6\"><figure class=\"swiper-slide-inner\"><img decoding=\"async\" class=\"swiper-slide-image\" src=\"https:\/\/procorpus.lu\/de\/wp-content\/uploads\/2024\/03\/photo-1516280117825-9fb8966b72a7-300x300.jpg\" alt=\"photo-1516280117825-9fb8966b72a7\" \/><\/figure><\/div><div class=\"swiper-slide\" role=\"group\" aria-roledescription=\"slide\" aria-label=\"6 von 6\"><figure class=\"swiper-slide-inner\"><img decoding=\"async\" class=\"swiper-slide-image\" src=\"https:\/\/procorpus.lu\/de\/wp-content\/uploads\/2024\/03\/photo-1621885811090-35643f4ba437-ezgif.com-avif-to-jpg-converter-300x300.jpg\" alt=\"photo-1621885811090-35643f4ba437-ezgif.com-avif-to-jpg-converter\" \/><\/figure><\/div>\t\t\t<\/div>\n\t\t\t\t\t\t\t\t\t\t\t\t<div class=\"elementor-swiper-button elementor-swiper-button-prev\" role=\"button\" tabindex=\"0\">\n\t\t\t\t\t\t<svg aria-hidden=\"true\" class=\"e-font-icon-svg e-eicon-chevron-left\" viewBox=\"0 0 1000 1000\" xmlns=\"http:\/\/www.w3.org\/2000\/svg\"><path d=\"M646 125C629 125 613 133 604 142L308 442C296 454 292 471 292 487 292 504 296 521 308 533L604 854C617 867 629 875 646 875 663 875 679 871 692 858 704 846 713 829 713 812 713 796 708 779 692 767L438 487 692 225C700 217 708 204 708 187 708 171 704 154 692 142 675 129 663 125 646 125Z\"><\/path><\/svg>\t\t\t\t\t<\/div>\n\t\t\t\t\t<div class=\"elementor-swiper-button elementor-swiper-button-next\" role=\"button\" tabindex=\"0\">\n\t\t\t\t\t\t<svg aria-hidden=\"true\" class=\"e-font-icon-svg e-eicon-chevron-right\" viewBox=\"0 0 1000 1000\" xmlns=\"http:\/\/www.w3.org\/2000\/svg\"><path d=\"M696 533C708 521 713 504 713 487 713 471 708 454 696 446L400 146C388 133 375 125 354 125 338 125 325 129 313 142 300 154 292 171 292 187 292 204 296 221 308 233L563 492 304 771C292 783 288 800 288 817 288 833 296 850 308 863 321 871 338 875 354 875 371 875 388 867 400 854L696 533Z\"><\/path><\/svg>\t\t\t\t\t<\/div>\n\t\t\t\t\n\t\t\t\t\t\t\t\t\t<div class=\"swiper-pagination\"><\/div>\n\t\t\t\t\t\t\t\t\t<\/div>\n\t\t\t\t\t\t<\/div>\n\t\t\t\t<\/div>\n\t\t\t\t<\/div>\n\t\t<div class=\"elementor-element elementor-element-e619ca6 e-flex e-con-boxed e-con e-parent\" data-id=\"e619ca6\" data-element_type=\"container\">\n\t\t\t\t\t<div class=\"e-con-inner\">\n\t\t<div class=\"elementor-element elementor-element-ad8cbcb e-flex e-con-boxed e-con e-child\" data-id=\"ad8cbcb\" data-element_type=\"container\">\n\t\t\t\t\t<div class=\"e-con-inner\">\n\t\t\t\t<div class=\"elementor-element elementor-element-ea86643 elementor-widget elementor-widget-heading\" data-id=\"ea86643\" data-element_type=\"widget\" data-widget_type=\"heading.default\">\n\t\t\t\t<div class=\"elementor-widget-container\">\n\t\t\t\t\t<h2 class=\"elementor-heading-title elementor-size-default\"><h2 class=\"elementor-heading-title elementor-size-default elementor-inline-editing pen\" data-elementor-setting-key=\"title\" data-pen-placeholder=\"Eingabe hier...\" style=\"outline-style: initial; outline-width: 0px;\">Die Kansa-Magie<\/h2><\/h2>\t\t\t\t<\/div>\n\t\t\t\t<\/div>\n\t\t\t\t<div class=\"elementor-element elementor-element-ac03eb5 elementor-widget elementor-widget-text-editor\" data-id=\"ac03eb5\" data-element_type=\"widget\" data-widget_type=\"text-editor.default\">\n\t\t\t\t<div class=\"elementor-widget-container\">\n\t\t\t\t\t\t\t\t\t<p><!-- notionvc: 416a965e-8c42-40ab-bb0b-13e7afa0fae5 --><\/p><p><strong>Die Wirkungen der Behandlung Shinzu The Face\u2122<\/strong><strong>:<\/strong><\/p>\t\t\t\t\t\t\t\t<\/div>\n\t\t\t\t<\/div>\n\t\t\t\t\t<\/div>\n\t\t\t\t<\/div>\n\t\t\t\t\t<\/div>\n\t\t\t\t<\/div>\n\t\t<div class=\"elementor-element elementor-element-97d980c e-flex e-con-boxed e-con e-parent\" data-id=\"97d980c\" data-element_type=\"container\">\n\t\t\t\t\t<div class=\"e-con-inner\">\n\t\t<div class=\"elementor-element elementor-element-ae24a47 e-flex e-con-boxed e-con e-child\" data-id=\"ae24a47\" data-element_type=\"container\">\n\t\t\t\t\t<div class=\"e-con-inner\">\n\t\t\t\t<div class=\"elementor-element elementor-element-1370955 elementor-widget elementor-widget-text-editor\" data-id=\"1370955\" data-element_type=\"widget\" data-widget_type=\"text-editor.default\">\n\t\t\t\t<div class=\"elementor-widget-container\">\n\t\t\t\t\t\t\t\t\t<p><!-- notionvc: 416a965e-8c42-40ab-bb0b-13e7afa0fae5 --><\/p><ul><li>Entlastet m\u00fcde und \u00fcberanstrengte Augen.<\/li><li>Hellt das Gesicht auf und reduziert Schwellungen und dunkle Ringe unter den Augen.<\/li><li>Belebt das Gesicht und entspannt die Muskeln im Nacken- und Schulterbereich.<\/li><\/ul>\t\t\t\t\t\t\t\t<\/div>\n\t\t\t\t<\/div>\n\t\t\t\t\t<\/div>\n\t\t\t\t<\/div>\n\t\t<div class=\"elementor-element elementor-element-48ea4ae e-con-full e-flex e-con e-child\" data-id=\"48ea4ae\" data-element_type=\"container\">\n\t\t\t\t<div class=\"elementor-element elementor-element-dbd5bf8 elementor-widget elementor-widget-text-editor\" data-id=\"dbd5bf8\" data-element_type=\"widget\" data-widget_type=\"text-editor.default\">\n\t\t\t\t<div class=\"elementor-widget-container\">\n\t\t\t\t\t\t\t\t\t<ul><li>Revitalisierung Ihrer Zellen.<\/li><li>Verleiht dem Gesicht einen nat\u00fcrlichen Glanz.<\/li><li>Reduziert Stress und Anspannung.<\/li><li>Es entspannt die Gesichtsmuskeln und f\u00f6rdert die Blut- und Lymphzirkulation.<\/li><li>Verbindet Ihren Geist mit Ihrem K\u00f6rper.<\/li><\/ul>\t\t\t\t\t\t\t\t<\/div>\n\t\t\t\t<\/div>\n\t\t\t\t<\/div>\n\t\t\t\t\t<\/div>\n\t\t\t\t<\/div>\n\t\t<div class=\"elementor-element elementor-element-6e8822c e-flex e-con-boxed e-con e-parent\" data-id=\"6e8822c\" data-element_type=\"container\">\n\t\t\t\t\t<div class=\"e-con-inner\">\n\t\t<div class=\"elementor-element elementor-element-e21f798 e-flex e-con-boxed e-con e-child\" data-id=\"e21f798\" data-element_type=\"container\">\n\t\t\t\t\t<div class=\"e-con-inner\">\n\t\t\t\t<div class=\"elementor-element elementor-element-e10d28d elementor-widget elementor-widget-text-editor\" data-id=\"e10d28d\" data-element_type=\"widget\" data-widget_type=\"text-editor.default\">\n\t\t\t\t<div class=\"elementor-widget-container\">\n\t\t\t\t\t\t\t\t\t<p><!-- notionvc: 416a965e-8c42-40ab-bb0b-13e7afa0fae5 --><\/p><p><b>Gegenanzeigen<\/b><\/p>\t\t\t\t\t\t\t\t<\/div>\n\t\t\t\t<\/div>\n\t\t\t\t<div class=\"elementor-element elementor-element-a7a8f1b elementor-widget elementor-widget-text-editor\" data-id=\"a7a8f1b\" data-element_type=\"widget\" data-widget_type=\"text-editor.default\">\n\t\t\t\t<div class=\"elementor-widget-container\">\n\t\t\t\t\t\t\t\t\t<ul>\n<li>Bei schwangeren oder stillenden Frauen sollte die Behandlung ausschlie\u00dflich mit neutralem Kokos\u00f6l gemacht werden.<\/li>\n<li>Hautprobleme (Schuppenflechte, Ekzeme, akute Akne).<\/li>\n<\/ul>\t\t\t\t\t\t\t\t<\/div>\n\t\t\t\t<\/div>\n\t\t\t\t\t<\/div>\n\t\t\t\t<\/div>\n\t\t\t\t\t<\/div>\n\t\t\t\t<\/div>\n\t\t\t\t<\/div>\n\t\t","protected":false},"excerpt":{"rendered":"<p>Shinzu The Face\u2122 Eine au\u00dfergew\u00f6hnliche ayurvedische Auszeit! Die Behandlung Die 100% nat\u00fcrliche Shinzu The Face\u2122-Behandlung\u00a0des Hinterkopfes, des Nackens, des oberen R\u00fcckens und des Gesichts bringt auf sanfte Weise Leben und Licht in das Gesicht, ohne Anwendung und Verwendung chemischer oder mechanischer Produkte. F\u00fcr ein sofortiges Strahlen, eine gro\u00dfe Linderung von Verspannungen und auch eine Revitalisierung [&hellip;]<\/p>\n","protected":false},"author":1,"featured_media":0,"parent":0,"menu_order":0,"comment_status":"closed","ping_status":"closed","template":"","meta":{"footnotes":""},"class_list":["post-638","page","type-page","status-publish","hentry"],"yoast_head":"<!-- This site is optimized with the Yoast SEO plugin v26.0 - https:\/\/yoast.com\/wordpress\/plugins\/seo\/ -->\n<title>Shinzu &quot;The Face&quot;\u2122 - ProCorpus<\/title>\n<meta name=\"robots\" content=\"index, follow, max-snippet:-1, max-image-preview:large, max-video-preview:-1\" \/>\n<link rel=\"canonical\" href=\"https:\/\/procorpus.lu\/de\/shinzu-the-face\/\" \/>\n<meta property=\"og:locale\" content=\"de_DE\" \/>\n<meta property=\"og:type\" content=\"article\" \/>\n<meta property=\"og:title\" content=\"Shinzu &quot;The Face&quot;\u2122 - ProCorpus\" \/>\n<meta property=\"og:description\" content=\"Shinzu The Face\u2122 Eine au\u00dfergew\u00f6hnliche ayurvedische Auszeit! Die Behandlung Die 100% nat\u00fcrliche Shinzu The Face\u2122-Behandlung\u00a0des Hinterkopfes, des Nackens, des oberen R\u00fcckens und des Gesichts bringt auf sanfte Weise Leben und Licht in das Gesicht, ohne Anwendung und Verwendung chemischer oder mechanischer Produkte. F\u00fcr ein sofortiges Strahlen, eine gro\u00dfe Linderung von Verspannungen und auch eine Revitalisierung [&hellip;]\" \/>\n<meta property=\"og:url\" content=\"https:\/\/procorpus.lu\/de\/shinzu-the-face\/\" \/>\n<meta property=\"og:site_name\" content=\"ProCorpus\" \/>\n<meta property=\"article:publisher\" content=\"https:\/\/www.facebook.com\/people\/Pro-Corpus-Diederich-Nicole\/61550679693712\/\" \/>\n<meta property=\"article:modified_time\" content=\"2024-06-05T21:29:28+00:00\" \/>\n<meta property=\"og:image\" content=\"https:\/\/procorpus.lu\/de\/wp-content\/uploads\/2024\/03\/photo-1506543277633-99deabfcd722-ezgif.com-avif-to-jpg-converter-300x300.jpg\" \/>\n<meta name=\"twitter:card\" content=\"summary_large_image\" \/>\n<meta name=\"twitter:label1\" content=\"Gesch\u00e4tzte Lesezeit\" \/>\n\t<meta name=\"twitter:data1\" content=\"1\u00a0Minute\" \/>\n<script type=\"application\/ld+json\" class=\"yoast-schema-graph\">{\"@context\":\"https:\/\/schema.org\",\"@graph\":[{\"@type\":\"WebPage\",\"@id\":\"https:\/\/procorpus.lu\/de\/shinzu-the-face\/\",\"url\":\"https:\/\/procorpus.lu\/de\/shinzu-the-face\/\",\"name\":\"Shinzu \\\"The Face\\\"\u2122 - ProCorpus\",\"isPartOf\":{\"@id\":\"https:\/\/procorpus.lu\/de\/#website\"},\"primaryImageOfPage\":{\"@id\":\"https:\/\/procorpus.lu\/de\/shinzu-the-face\/#primaryimage\"},\"image\":{\"@id\":\"https:\/\/procorpus.lu\/de\/shinzu-the-face\/#primaryimage\"},\"thumbnailUrl\":\"https:\/\/procorpus.lu\/de\/wp-content\/uploads\/2024\/03\/photo-1506543277633-99deabfcd722-ezgif.com-avif-to-jpg-converter-300x300.jpg\",\"datePublished\":\"2024-02-07T18:19:27+00:00\",\"dateModified\":\"2024-06-05T21:29:28+00:00\",\"breadcrumb\":{\"@id\":\"https:\/\/procorpus.lu\/de\/shinzu-the-face\/#breadcrumb\"},\"inLanguage\":\"de\",\"potentialAction\":[{\"@type\":\"ReadAction\",\"target\":[\"https:\/\/procorpus.lu\/de\/shinzu-the-face\/\"]}]},{\"@type\":\"ImageObject\",\"inLanguage\":\"de\",\"@id\":\"https:\/\/procorpus.lu\/de\/shinzu-the-face\/#primaryimage\",\"url\":\"https:\/\/procorpus.lu\/de\/wp-content\/uploads\/2024\/03\/photo-1506543277633-99deabfcd722-ezgif.com-avif-to-jpg-converter.jpg\",\"contentUrl\":\"https:\/\/procorpus.lu\/de\/wp-content\/uploads\/2024\/03\/photo-1506543277633-99deabfcd722-ezgif.com-avif-to-jpg-converter.jpg\",\"width\":500,\"height\":774},{\"@type\":\"BreadcrumbList\",\"@id\":\"https:\/\/procorpus.lu\/de\/shinzu-the-face\/#breadcrumb\",\"itemListElement\":[{\"@type\":\"ListItem\",\"position\":1,\"name\":\"Startseite\",\"item\":\"https:\/\/procorpus.lu\/de\/\"},{\"@type\":\"ListItem\",\"position\":2,\"name\":\"Shinzu &#8222;The Face&#8220;\u2122\"}]},{\"@type\":\"WebSite\",\"@id\":\"https:\/\/procorpus.lu\/de\/#website\",\"url\":\"https:\/\/procorpus.lu\/de\/\",\"name\":\"ProCorpus\",\"description\":\"\",\"publisher\":{\"@id\":\"https:\/\/procorpus.lu\/de\/#\/schema\/person\/0c8416e55fecbb47a329843a1c7afed9\"},\"potentialAction\":[{\"@type\":\"SearchAction\",\"target\":{\"@type\":\"EntryPoint\",\"urlTemplate\":\"https:\/\/procorpus.lu\/de\/?s={search_term_string}\"},\"query-input\":{\"@type\":\"PropertyValueSpecification\",\"valueRequired\":true,\"valueName\":\"search_term_string\"}}],\"inLanguage\":\"de\"},{\"@type\":[\"Person\",\"Organization\"],\"@id\":\"https:\/\/procorpus.lu\/de\/#\/schema\/person\/0c8416e55fecbb47a329843a1c7afed9\",\"name\":\"Nicole Diederich\",\"image\":{\"@type\":\"ImageObject\",\"inLanguage\":\"de\",\"@id\":\"https:\/\/procorpus.lu\/de\/#\/schema\/person\/image\/\",\"url\":\"https:\/\/procorpus.lu\/de\/wp-content\/uploads\/2024\/02\/cropped-procorpus-logo.png\",\"contentUrl\":\"https:\/\/procorpus.lu\/de\/wp-content\/uploads\/2024\/02\/cropped-procorpus-logo.png\",\"width\":799,\"height\":428,\"caption\":\"Nicole Diederich\"},\"logo\":{\"@id\":\"https:\/\/procorpus.lu\/de\/#\/schema\/person\/image\/\"},\"description\":\"Multi-r\u00e9flexologie certifi\u00e9e par REFLEXOLOGIE IN EUROPE NEXUS &amp; Soins \u00c9nerg\u00e9tiques et Ayurvediques \/ Multi-reflexologie zertifiziert von REFLEXOLOGIE IN EUROPE NEXUS &amp; Energeetesch an Ayurvedesch Soins\",\"sameAs\":[\"http:\/\/procorpus.lu\/de\",\"https:\/\/www.facebook.com\/people\/Pro-Corpus-Diederich-Nicole\/61550679693712\/\"]}]}<\/script>\n<!-- \/ Yoast SEO plugin. -->","yoast_head_json":{"title":"Shinzu \"The Face\"\u2122 - ProCorpus","robots":{"index":"index","follow":"follow","max-snippet":"max-snippet:-1","max-image-preview":"max-image-preview:large","max-video-preview":"max-video-preview:-1"},"canonical":"https:\/\/procorpus.lu\/de\/shinzu-the-face\/","og_locale":"de_DE","og_type":"article","og_title":"Shinzu \"The Face\"\u2122 - ProCorpus","og_description":"Shinzu The Face\u2122 Eine au\u00dfergew\u00f6hnliche ayurvedische Auszeit! Die Behandlung Die 100% nat\u00fcrliche Shinzu The Face\u2122-Behandlung\u00a0des Hinterkopfes, des Nackens, des oberen R\u00fcckens und des Gesichts bringt auf sanfte Weise Leben und Licht in das Gesicht, ohne Anwendung und Verwendung chemischer oder mechanischer Produkte. F\u00fcr ein sofortiges Strahlen, eine gro\u00dfe Linderung von Verspannungen und auch eine Revitalisierung [&hellip;]","og_url":"https:\/\/procorpus.lu\/de\/shinzu-the-face\/","og_site_name":"ProCorpus","article_publisher":"https:\/\/www.facebook.com\/people\/Pro-Corpus-Diederich-Nicole\/61550679693712\/","article_modified_time":"2024-06-05T21:29:28+00:00","og_image":[{"url":"https:\/\/procorpus.lu\/de\/wp-content\/uploads\/2024\/03\/photo-1506543277633-99deabfcd722-ezgif.com-avif-to-jpg-converter-300x300.jpg","type":"","width":"","height":""}],"twitter_card":"summary_large_image","twitter_misc":{"Gesch\u00e4tzte Lesezeit":"1\u00a0Minute"},"schema":{"@context":"https:\/\/schema.org","@graph":[{"@type":"WebPage","@id":"https:\/\/procorpus.lu\/de\/shinzu-the-face\/","url":"https:\/\/procorpus.lu\/de\/shinzu-the-face\/","name":"Shinzu \"The Face\"\u2122 - ProCorpus","isPartOf":{"@id":"https:\/\/procorpus.lu\/de\/#website"},"primaryImageOfPage":{"@id":"https:\/\/procorpus.lu\/de\/shinzu-the-face\/#primaryimage"},"image":{"@id":"https:\/\/procorpus.lu\/de\/shinzu-the-face\/#primaryimage"},"thumbnailUrl":"https:\/\/procorpus.lu\/de\/wp-content\/uploads\/2024\/03\/photo-1506543277633-99deabfcd722-ezgif.com-avif-to-jpg-converter-300x300.jpg","datePublished":"2024-02-07T18:19:27+00:00","dateModified":"2024-06-05T21:29:28+00:00","breadcrumb":{"@id":"https:\/\/procorpus.lu\/de\/shinzu-the-face\/#breadcrumb"},"inLanguage":"de","potentialAction":[{"@type":"ReadAction","target":["https:\/\/procorpus.lu\/de\/shinzu-the-face\/"]}]},{"@type":"ImageObject","inLanguage":"de","@id":"https:\/\/procorpus.lu\/de\/shinzu-the-face\/#primaryimage","url":"https:\/\/procorpus.lu\/de\/wp-content\/uploads\/2024\/03\/photo-1506543277633-99deabfcd722-ezgif.com-avif-to-jpg-converter.jpg","contentUrl":"https:\/\/procorpus.lu\/de\/wp-content\/uploads\/2024\/03\/photo-1506543277633-99deabfcd722-ezgif.com-avif-to-jpg-converter.jpg","width":500,"height":774},{"@type":"BreadcrumbList","@id":"https:\/\/procorpus.lu\/de\/shinzu-the-face\/#breadcrumb","itemListElement":[{"@type":"ListItem","position":1,"name":"Startseite","item":"https:\/\/procorpus.lu\/de\/"},{"@type":"ListItem","position":2,"name":"Shinzu &#8222;The Face&#8220;\u2122"}]},{"@type":"WebSite","@id":"https:\/\/procorpus.lu\/de\/#website","url":"https:\/\/procorpus.lu\/de\/","name":"ProCorpus","description":"","publisher":{"@id":"https:\/\/procorpus.lu\/de\/#\/schema\/person\/0c8416e55fecbb47a329843a1c7afed9"},"potentialAction":[{"@type":"SearchAction","target":{"@type":"EntryPoint","urlTemplate":"https:\/\/procorpus.lu\/de\/?s={search_term_string}"},"query-input":{"@type":"PropertyValueSpecification","valueRequired":true,"valueName":"search_term_string"}}],"inLanguage":"de"},{"@type":["Person","Organization"],"@id":"https:\/\/procorpus.lu\/de\/#\/schema\/person\/0c8416e55fecbb47a329843a1c7afed9","name":"Nicole Diederich","image":{"@type":"ImageObject","inLanguage":"de","@id":"https:\/\/procorpus.lu\/de\/#\/schema\/person\/image\/","url":"https:\/\/procorpus.lu\/de\/wp-content\/uploads\/2024\/02\/cropped-procorpus-logo.png","contentUrl":"https:\/\/procorpus.lu\/de\/wp-content\/uploads\/2024\/02\/cropped-procorpus-logo.png","width":799,"height":428,"caption":"Nicole Diederich"},"logo":{"@id":"https:\/\/procorpus.lu\/de\/#\/schema\/person\/image\/"},"description":"Multi-r\u00e9flexologie certifi\u00e9e par REFLEXOLOGIE IN EUROPE NEXUS &amp; Soins \u00c9nerg\u00e9tiques et Ayurvediques \/ Multi-reflexologie zertifiziert von REFLEXOLOGIE IN EUROPE NEXUS &amp; Energeetesch an Ayurvedesch Soins","sameAs":["http:\/\/procorpus.lu\/de","https:\/\/www.facebook.com\/people\/Pro-Corpus-Diederich-Nicole\/61550679693712\/"]}]}},"rttpg_featured_image_url":null,"rttpg_author":{"display_name":"Nicole Diederich","author_link":"https:\/\/procorpus.lu\/de\/author\/jtzbwgte1\/"},"rttpg_comment":0,"rttpg_category":null,"rttpg_excerpt":"Shinzu The Face\u2122 Eine au\u00dfergew\u00f6hnliche ayurvedische Auszeit! Die Behandlung Die 100% nat\u00fcrliche Shinzu The Face\u2122-Behandlung\u00a0des Hinterkopfes, des Nackens, des oberen R\u00fcckens und des Gesichts bringt auf sanfte Weise Leben und Licht in das Gesicht, ohne Anwendung und Verwendung chemischer oder mechanischer Produkte. F\u00fcr ein sofortiges Strahlen, eine gro\u00dfe Linderung von Verspannungen und auch eine Revitalisierung&hellip;","_links":{"self":[{"href":"https:\/\/procorpus.lu\/de\/wp-json\/wp\/v2\/pages\/638","targetHints":{"allow":["GET"]}}],"collection":[{"href":"https:\/\/procorpus.lu\/de\/wp-json\/wp\/v2\/pages"}],"about":[{"href":"https:\/\/procorpus.lu\/de\/wp-json\/wp\/v2\/types\/page"}],"author":[{"embeddable":true,"href":"https:\/\/procorpus.lu\/de\/wp-json\/wp\/v2\/users\/1"}],"replies":[{"embeddable":true,"href":"https:\/\/procorpus.lu\/de\/wp-json\/wp\/v2\/comments?post=638"}],"version-history":[{"count":209,"href":"https:\/\/procorpus.lu\/de\/wp-json\/wp\/v2\/pages\/638\/revisions"}],"predecessor-version":[{"id":2102,"href":"https:\/\/procorpus.lu\/de\/wp-json\/wp\/v2\/pages\/638\/revisions\/2102"}],"wp:attachment":[{"href":"https:\/\/procorpus.lu\/de\/wp-json\/wp\/v2\/media?parent=638"}],"curies":[{"name":"wp","href":"https:\/\/api.w.org\/{rel}","templated":true}]}}