{"id":577,"date":"2024-02-07T18:10:49","date_gmt":"2024-02-07T17:10:49","guid":{"rendered":"http:\/\/procorpus.lu\/de\/?page_id=577"},"modified":"2024-06-06T08:17:00","modified_gmt":"2024-06-06T06:17:00","slug":"ueber-mich","status":"publish","type":"page","link":"https:\/\/procorpus.lu\/de\/ueber-mich\/","title":{"rendered":"\u00dcber mich"},"content":{"rendered":"\t\t<div data-elementor-type=\"wp-page\" data-elementor-id=\"577\" class=\"elementor elementor-577\">\n\t\t\t\t<div class=\"elementor-element elementor-element-8a70c87 e-flex e-con-boxed e-con e-parent\" data-id=\"8a70c87\" data-element_type=\"container\" data-settings=\"{&quot;background_background&quot;:&quot;classic&quot;}\">\n\t\t\t\t\t<div class=\"e-con-inner\">\n\t\t<div class=\"elementor-element elementor-element-6c27236 e-flex e-con-boxed e-con e-child\" data-id=\"6c27236\" data-element_type=\"container\">\n\t\t\t\t\t<div class=\"e-con-inner\">\n\t\t\t\t<div class=\"elementor-element elementor-element-5c2e12b elementor-widget elementor-widget-heading\" data-id=\"5c2e12b\" data-element_type=\"widget\" data-widget_type=\"heading.default\">\n\t\t\t\t<div class=\"elementor-widget-container\">\n\t\t\t\t\t<h2 class=\"elementor-heading-title elementor-size-default\">\u00dcber mich<\/h2>\t\t\t\t<\/div>\n\t\t\t\t<\/div>\n\t\t<div class=\"elementor-element elementor-element-06ad867 e-flex e-con-boxed e-con e-child\" data-id=\"06ad867\" data-element_type=\"container\">\n\t\t\t\t\t<div class=\"e-con-inner\">\n\t\t<div class=\"elementor-element elementor-element-0982bd3 e-flex e-con-boxed e-con e-child\" data-id=\"0982bd3\" data-element_type=\"container\" data-settings=\"{&quot;background_background&quot;:&quot;classic&quot;}\">\n\t\t\t\t\t<div class=\"e-con-inner\">\n\t\t\t\t<div class=\"elementor-element elementor-element-7e9c82e elementor-widget__width-initial elementor-widget elementor-widget-image\" data-id=\"7e9c82e\" data-element_type=\"widget\" data-widget_type=\"image.default\">\n\t\t\t\t<div class=\"elementor-widget-container\">\n\t\t\t\t\t\t\t\t\t\t\t\t\t\t\t<img fetchpriority=\"high\" decoding=\"async\" width=\"683\" height=\"1024\" src=\"https:\/\/procorpus.lu\/de\/wp-content\/uploads\/2024\/06\/DSC01439-683x1024.jpg\" class=\"attachment-large size-large wp-image-2118\" alt=\"\" srcset=\"https:\/\/procorpus.lu\/de\/wp-content\/uploads\/2024\/06\/DSC01439-683x1024.jpg 683w, https:\/\/procorpus.lu\/de\/wp-content\/uploads\/2024\/06\/DSC01439-200x300.jpg 200w, https:\/\/procorpus.lu\/de\/wp-content\/uploads\/2024\/06\/DSC01439-768x1152.jpg 768w, https:\/\/procorpus.lu\/de\/wp-content\/uploads\/2024\/06\/DSC01439-1024x1536.jpg 1024w, https:\/\/procorpus.lu\/de\/wp-content\/uploads\/2024\/06\/DSC01439-600x900.jpg 600w, https:\/\/procorpus.lu\/de\/wp-content\/uploads\/2024\/06\/DSC01439.jpg 1365w\" sizes=\"(max-width: 683px) 100vw, 683px\" \/>\t\t\t\t\t\t\t\t\t\t\t\t\t\t\t<\/div>\n\t\t\t\t<\/div>\n\t\t\t\t\t<\/div>\n\t\t\t\t<\/div>\n\t\t<div class=\"elementor-element elementor-element-6dc9723 e-flex e-con-boxed e-con e-child\" data-id=\"6dc9723\" data-element_type=\"container\">\n\t\t\t\t\t<div class=\"e-con-inner\">\n\t\t\t\t<div class=\"elementor-element elementor-element-929a416 elementor-widget elementor-widget-text-editor\" data-id=\"929a416\" data-element_type=\"widget\" data-widget_type=\"text-editor.default\">\n\t\t\t\t<div class=\"elementor-widget-container\">\n\t\t\t\t\t\t\t\t\t<p>Ich arbeite seit 35 Jahren mit Menschen zusammen und mir lag es immer am Herzen, Menschen in den verschiedenen Phasen ihres Lebens zu unterst\u00fctzen.<\/p><p>Nach meiner Ausbildung und Zertifizierung in therapeutischer Fu\u00dfreflexzonenmassage im &#8222;<span style=\"text-decoration: underline;\"><a href=\"https:\/\/www.centredereflexologieluxembourg.lu\/\">Centre de R\u00e9flexologie du Luxembourg<\/a><\/span>&#8220; hatte ich das Bed\u00fcrfnis Menschen zu begleiten und ihnen es zu erm\u00f6glichen, ihre Kraft und ihr Gleichgewicht wiederzufinden.<\/p><p>Die Magie in der Aus\u00fcbung des Berufs als Reflexzonentherapeutin liegt in der harmonischen Ber\u00fchrung der spezifischen Reflexpunkte an den F\u00fcssen und H\u00e4nden, im aufmerksamen Zuh\u00f6ren und Zureden, um dem K\u00f6rper zu helfen sich zu regulieren und die Selbstheilungskr\u00e4fte zu aktivieren.<\/p><p>&#8211; Ihre F\u00fc\u00dfe in meinen H\u00e4nden &#8211;<\/p>\t\t\t\t\t\t\t\t<\/div>\n\t\t\t\t<\/div>\n\t\t\t\t\t<\/div>\n\t\t\t\t<\/div>\n\t\t\t\t\t<\/div>\n\t\t\t\t<\/div>\n\t\t\t\t\t<\/div>\n\t\t\t\t<\/div>\n\t\t\t\t\t<\/div>\n\t\t\t\t<\/div>\n\t\t\t\t<\/div>\n\t\t","protected":false},"excerpt":{"rendered":"<p>\u00dcber mich Ich arbeite seit 35 Jahren mit Menschen zusammen und mir lag es immer am Herzen, Menschen in den verschiedenen Phasen ihres Lebens zu unterst\u00fctzen. Nach meiner Ausbildung und Zertifizierung in therapeutischer Fu\u00dfreflexzonenmassage im &#8222;Centre de R\u00e9flexologie du Luxembourg&#8220; hatte ich das Bed\u00fcrfnis Menschen zu begleiten und ihnen es zu erm\u00f6glichen, ihre Kraft und [&hellip;]<\/p>\n","protected":false},"author":1,"featured_media":0,"parent":0,"menu_order":0,"comment_status":"closed","ping_status":"closed","template":"","meta":{"footnotes":""},"class_list":["post-577","page","type-page","status-publish","hentry"],"yoast_head":"<!-- This site is optimized with the Yoast SEO plugin v26.0 - https:\/\/yoast.com\/wordpress\/plugins\/seo\/ -->\n<title>\u00dcber mich - ProCorpus<\/title>\n<meta name=\"robots\" content=\"index, follow, max-snippet:-1, max-image-preview:large, max-video-preview:-1\" \/>\n<link rel=\"canonical\" href=\"https:\/\/procorpus.lu\/de\/ueber-mich\/\" \/>\n<meta property=\"og:locale\" content=\"de_DE\" \/>\n<meta property=\"og:type\" content=\"article\" \/>\n<meta property=\"og:title\" content=\"\u00dcber mich - ProCorpus\" \/>\n<meta property=\"og:description\" content=\"\u00dcber mich Ich arbeite seit 35 Jahren mit Menschen zusammen und mir lag es immer am Herzen, Menschen in den verschiedenen Phasen ihres Lebens zu unterst\u00fctzen. Nach meiner Ausbildung und Zertifizierung in therapeutischer Fu\u00dfreflexzonenmassage im &#8222;Centre de R\u00e9flexologie du Luxembourg&#8220; hatte ich das Bed\u00fcrfnis Menschen zu begleiten und ihnen es zu erm\u00f6glichen, ihre Kraft und [&hellip;]\" \/>\n<meta property=\"og:url\" content=\"https:\/\/procorpus.lu\/de\/ueber-mich\/\" \/>\n<meta property=\"og:site_name\" content=\"ProCorpus\" \/>\n<meta property=\"article:publisher\" content=\"https:\/\/www.facebook.com\/people\/Pro-Corpus-Diederich-Nicole\/61550679693712\/\" \/>\n<meta property=\"article:modified_time\" content=\"2024-06-06T06:17:00+00:00\" \/>\n<meta property=\"og:image\" content=\"https:\/\/procorpus.lu\/de\/wp-content\/uploads\/2024\/06\/DSC01439-683x1024.jpg\" \/>\n<meta name=\"twitter:card\" content=\"summary_large_image\" \/>\n<meta name=\"twitter:label1\" content=\"Gesch\u00e4tzte Lesezeit\" \/>\n\t<meta name=\"twitter:data1\" content=\"1\u00a0Minute\" \/>\n<script type=\"application\/ld+json\" class=\"yoast-schema-graph\">{\"@context\":\"https:\/\/schema.org\",\"@graph\":[{\"@type\":\"WebPage\",\"@id\":\"https:\/\/procorpus.lu\/de\/ueber-mich\/\",\"url\":\"https:\/\/procorpus.lu\/de\/ueber-mich\/\",\"name\":\"\u00dcber mich - ProCorpus\",\"isPartOf\":{\"@id\":\"https:\/\/procorpus.lu\/de\/#website\"},\"primaryImageOfPage\":{\"@id\":\"https:\/\/procorpus.lu\/de\/ueber-mich\/#primaryimage\"},\"image\":{\"@id\":\"https:\/\/procorpus.lu\/de\/ueber-mich\/#primaryimage\"},\"thumbnailUrl\":\"https:\/\/procorpus.lu\/de\/wp-content\/uploads\/2024\/06\/DSC01439-683x1024.jpg\",\"datePublished\":\"2024-02-07T17:10:49+00:00\",\"dateModified\":\"2024-06-06T06:17:00+00:00\",\"breadcrumb\":{\"@id\":\"https:\/\/procorpus.lu\/de\/ueber-mich\/#breadcrumb\"},\"inLanguage\":\"de\",\"potentialAction\":[{\"@type\":\"ReadAction\",\"target\":[\"https:\/\/procorpus.lu\/de\/ueber-mich\/\"]}]},{\"@type\":\"ImageObject\",\"inLanguage\":\"de\",\"@id\":\"https:\/\/procorpus.lu\/de\/ueber-mich\/#primaryimage\",\"url\":\"https:\/\/procorpus.lu\/de\/wp-content\/uploads\/2024\/06\/DSC01439.jpg\",\"contentUrl\":\"https:\/\/procorpus.lu\/de\/wp-content\/uploads\/2024\/06\/DSC01439.jpg\",\"width\":1365,\"height\":2048},{\"@type\":\"BreadcrumbList\",\"@id\":\"https:\/\/procorpus.lu\/de\/ueber-mich\/#breadcrumb\",\"itemListElement\":[{\"@type\":\"ListItem\",\"position\":1,\"name\":\"Startseite\",\"item\":\"https:\/\/procorpus.lu\/de\/\"},{\"@type\":\"ListItem\",\"position\":2,\"name\":\"\u00dcber mich\"}]},{\"@type\":\"WebSite\",\"@id\":\"https:\/\/procorpus.lu\/de\/#website\",\"url\":\"https:\/\/procorpus.lu\/de\/\",\"name\":\"ProCorpus\",\"description\":\"\",\"publisher\":{\"@id\":\"https:\/\/procorpus.lu\/de\/#\/schema\/person\/0c8416e55fecbb47a329843a1c7afed9\"},\"potentialAction\":[{\"@type\":\"SearchAction\",\"target\":{\"@type\":\"EntryPoint\",\"urlTemplate\":\"https:\/\/procorpus.lu\/de\/?s={search_term_string}\"},\"query-input\":{\"@type\":\"PropertyValueSpecification\",\"valueRequired\":true,\"valueName\":\"search_term_string\"}}],\"inLanguage\":\"de\"},{\"@type\":[\"Person\",\"Organization\"],\"@id\":\"https:\/\/procorpus.lu\/de\/#\/schema\/person\/0c8416e55fecbb47a329843a1c7afed9\",\"name\":\"Nicole Diederich\",\"image\":{\"@type\":\"ImageObject\",\"inLanguage\":\"de\",\"@id\":\"https:\/\/procorpus.lu\/de\/#\/schema\/person\/image\/\",\"url\":\"https:\/\/procorpus.lu\/de\/wp-content\/uploads\/2024\/02\/cropped-procorpus-logo.png\",\"contentUrl\":\"https:\/\/procorpus.lu\/de\/wp-content\/uploads\/2024\/02\/cropped-procorpus-logo.png\",\"width\":799,\"height\":428,\"caption\":\"Nicole Diederich\"},\"logo\":{\"@id\":\"https:\/\/procorpus.lu\/de\/#\/schema\/person\/image\/\"},\"description\":\"Multi-r\u00e9flexologie certifi\u00e9e par REFLEXOLOGIE IN EUROPE NEXUS &amp; Soins \u00c9nerg\u00e9tiques et Ayurvediques \/ Multi-reflexologie zertifiziert von REFLEXOLOGIE IN EUROPE NEXUS &amp; Energeetesch an Ayurvedesch Soins\",\"sameAs\":[\"http:\/\/procorpus.lu\/de\",\"https:\/\/www.facebook.com\/people\/Pro-Corpus-Diederich-Nicole\/61550679693712\/\"]}]}<\/script>\n<!-- \/ Yoast SEO plugin. -->","yoast_head_json":{"title":"\u00dcber mich - ProCorpus","robots":{"index":"index","follow":"follow","max-snippet":"max-snippet:-1","max-image-preview":"max-image-preview:large","max-video-preview":"max-video-preview:-1"},"canonical":"https:\/\/procorpus.lu\/de\/ueber-mich\/","og_locale":"de_DE","og_type":"article","og_title":"\u00dcber mich - ProCorpus","og_description":"\u00dcber mich Ich arbeite seit 35 Jahren mit Menschen zusammen und mir lag es immer am Herzen, Menschen in den verschiedenen Phasen ihres Lebens zu unterst\u00fctzen. Nach meiner Ausbildung und Zertifizierung in therapeutischer Fu\u00dfreflexzonenmassage im &#8222;Centre de R\u00e9flexologie du Luxembourg&#8220; hatte ich das Bed\u00fcrfnis Menschen zu begleiten und ihnen es zu erm\u00f6glichen, ihre Kraft und [&hellip;]","og_url":"https:\/\/procorpus.lu\/de\/ueber-mich\/","og_site_name":"ProCorpus","article_publisher":"https:\/\/www.facebook.com\/people\/Pro-Corpus-Diederich-Nicole\/61550679693712\/","article_modified_time":"2024-06-06T06:17:00+00:00","og_image":[{"url":"https:\/\/procorpus.lu\/de\/wp-content\/uploads\/2024\/06\/DSC01439-683x1024.jpg","type":"","width":"","height":""}],"twitter_card":"summary_large_image","twitter_misc":{"Gesch\u00e4tzte Lesezeit":"1\u00a0Minute"},"schema":{"@context":"https:\/\/schema.org","@graph":[{"@type":"WebPage","@id":"https:\/\/procorpus.lu\/de\/ueber-mich\/","url":"https:\/\/procorpus.lu\/de\/ueber-mich\/","name":"\u00dcber mich - ProCorpus","isPartOf":{"@id":"https:\/\/procorpus.lu\/de\/#website"},"primaryImageOfPage":{"@id":"https:\/\/procorpus.lu\/de\/ueber-mich\/#primaryimage"},"image":{"@id":"https:\/\/procorpus.lu\/de\/ueber-mich\/#primaryimage"},"thumbnailUrl":"https:\/\/procorpus.lu\/de\/wp-content\/uploads\/2024\/06\/DSC01439-683x1024.jpg","datePublished":"2024-02-07T17:10:49+00:00","dateModified":"2024-06-06T06:17:00+00:00","breadcrumb":{"@id":"https:\/\/procorpus.lu\/de\/ueber-mich\/#breadcrumb"},"inLanguage":"de","potentialAction":[{"@type":"ReadAction","target":["https:\/\/procorpus.lu\/de\/ueber-mich\/"]}]},{"@type":"ImageObject","inLanguage":"de","@id":"https:\/\/procorpus.lu\/de\/ueber-mich\/#primaryimage","url":"https:\/\/procorpus.lu\/de\/wp-content\/uploads\/2024\/06\/DSC01439.jpg","contentUrl":"https:\/\/procorpus.lu\/de\/wp-content\/uploads\/2024\/06\/DSC01439.jpg","width":1365,"height":2048},{"@type":"BreadcrumbList","@id":"https:\/\/procorpus.lu\/de\/ueber-mich\/#breadcrumb","itemListElement":[{"@type":"ListItem","position":1,"name":"Startseite","item":"https:\/\/procorpus.lu\/de\/"},{"@type":"ListItem","position":2,"name":"\u00dcber mich"}]},{"@type":"WebSite","@id":"https:\/\/procorpus.lu\/de\/#website","url":"https:\/\/procorpus.lu\/de\/","name":"ProCorpus","description":"","publisher":{"@id":"https:\/\/procorpus.lu\/de\/#\/schema\/person\/0c8416e55fecbb47a329843a1c7afed9"},"potentialAction":[{"@type":"SearchAction","target":{"@type":"EntryPoint","urlTemplate":"https:\/\/procorpus.lu\/de\/?s={search_term_string}"},"query-input":{"@type":"PropertyValueSpecification","valueRequired":true,"valueName":"search_term_string"}}],"inLanguage":"de"},{"@type":["Person","Organization"],"@id":"https:\/\/procorpus.lu\/de\/#\/schema\/person\/0c8416e55fecbb47a329843a1c7afed9","name":"Nicole Diederich","image":{"@type":"ImageObject","inLanguage":"de","@id":"https:\/\/procorpus.lu\/de\/#\/schema\/person\/image\/","url":"https:\/\/procorpus.lu\/de\/wp-content\/uploads\/2024\/02\/cropped-procorpus-logo.png","contentUrl":"https:\/\/procorpus.lu\/de\/wp-content\/uploads\/2024\/02\/cropped-procorpus-logo.png","width":799,"height":428,"caption":"Nicole Diederich"},"logo":{"@id":"https:\/\/procorpus.lu\/de\/#\/schema\/person\/image\/"},"description":"Multi-r\u00e9flexologie certifi\u00e9e par REFLEXOLOGIE IN EUROPE NEXUS &amp; Soins \u00c9nerg\u00e9tiques et Ayurvediques \/ Multi-reflexologie zertifiziert von REFLEXOLOGIE IN EUROPE NEXUS &amp; Energeetesch an Ayurvedesch Soins","sameAs":["http:\/\/procorpus.lu\/de","https:\/\/www.facebook.com\/people\/Pro-Corpus-Diederich-Nicole\/61550679693712\/"]}]}},"rttpg_featured_image_url":null,"rttpg_author":{"display_name":"Nicole Diederich","author_link":"https:\/\/procorpus.lu\/de\/author\/jtzbwgte1\/"},"rttpg_comment":0,"rttpg_category":null,"rttpg_excerpt":"\u00dcber mich Ich arbeite seit 35 Jahren mit Menschen zusammen und mir lag es immer am Herzen, Menschen in den verschiedenen Phasen ihres Lebens zu unterst\u00fctzen. Nach meiner Ausbildung und Zertifizierung in therapeutischer Fu\u00dfreflexzonenmassage im &#8222;Centre de R\u00e9flexologie du Luxembourg&#8220; hatte ich das Bed\u00fcrfnis Menschen zu begleiten und ihnen es zu erm\u00f6glichen, ihre Kraft und&hellip;","_links":{"self":[{"href":"https:\/\/procorpus.lu\/de\/wp-json\/wp\/v2\/pages\/577","targetHints":{"allow":["GET"]}}],"collection":[{"href":"https:\/\/procorpus.lu\/de\/wp-json\/wp\/v2\/pages"}],"about":[{"href":"https:\/\/procorpus.lu\/de\/wp-json\/wp\/v2\/types\/page"}],"author":[{"embeddable":true,"href":"https:\/\/procorpus.lu\/de\/wp-json\/wp\/v2\/users\/1"}],"replies":[{"embeddable":true,"href":"https:\/\/procorpus.lu\/de\/wp-json\/wp\/v2\/comments?post=577"}],"version-history":[{"count":160,"href":"https:\/\/procorpus.lu\/de\/wp-json\/wp\/v2\/pages\/577\/revisions"}],"predecessor-version":[{"id":2158,"href":"https:\/\/procorpus.lu\/de\/wp-json\/wp\/v2\/pages\/577\/revisions\/2158"}],"wp:attachment":[{"href":"https:\/\/procorpus.lu\/de\/wp-json\/wp\/v2\/media?parent=577"}],"curies":[{"name":"wp","href":"https:\/\/api.w.org\/{rel}","templated":true}]}}