{"id":78,"date":"2024-02-03T17:57:07","date_gmt":"2024-02-03T16:57:07","guid":{"rendered":"http:\/\/procorpus.lu\/de\/?page_id=78"},"modified":"2024-06-06T13:54:42","modified_gmt":"2024-06-06T11:54:42","slug":"startseite","status":"publish","type":"page","link":"https:\/\/procorpus.lu\/de\/fr\/","title":{"rendered":"Accueil"},"content":{"rendered":"<div data-elementor-type=\"wp-page\" data-elementor-id=\"78\" class=\"elementor elementor-78\">\n\t\t\t\t<div class=\"elementor-element elementor-element-8085783 e-con-full e-flex e-con e-parent\" data-id=\"8085783\" data-element_type=\"container\" data-settings=\"{&quot;background_background&quot;:&quot;slideshow&quot;,&quot;background_slideshow_gallery&quot;:[{&quot;id&quot;:1058,&quot;url&quot;:&quot;http:\\\/\\\/procorpus.lu\\\/de\\\/wp-content\\\/uploads\\\/2024\\\/03\\\/anelya-okapova-V69kmOyZ3SU-unsplash-scaled.jpg&quot;},{&quot;id&quot;:1062,&quot;url&quot;:&quot;http:\\\/\\\/procorpus.lu\\\/de\\\/wp-content\\\/uploads\\\/2024\\\/03\\\/chelson-tamares-SyCC0GQi5S4-unsplash-scaled.jpg&quot;},{&quot;id&quot;:1063,&quot;url&quot;:&quot;http:\\\/\\\/procorpus.lu\\\/de\\\/wp-content\\\/uploads\\\/2024\\\/03\\\/eric-froehling-xrT9twwwC6Y-unsplash.jpg&quot;},{&quot;id&quot;:1064,&quot;url&quot;:&quot;http:\\\/\\\/procorpus.lu\\\/de\\\/wp-content\\\/uploads\\\/2024\\\/03\\\/lina-trochez-ktPKyUs3Qjs-unsplash-scaled.jpg&quot;}],&quot;background_slideshow_loop&quot;:&quot;yes&quot;,&quot;background_slideshow_slide_duration&quot;:5000,&quot;background_slideshow_slide_transition&quot;:&quot;fade&quot;,&quot;background_slideshow_transition_duration&quot;:500}\">\n\t\t\t\t<\/div>\n\t\t<div class=\"elementor-element elementor-element-f7951ce e-flex e-con-boxed e-con e-parent\" data-id=\"f7951ce\" data-element_type=\"container\">\n\t\t\t\t\t<div class=\"e-con-inner\">\n\t\t\t\t<div class=\"elementor-element elementor-element-044cb0e elementor-widget elementor-widget-heading\" data-id=\"044cb0e\" data-element_type=\"widget\" data-widget_type=\"heading.default\">\n\t\t\t\t<div class=\"elementor-widget-container\">\n\t\t\t\t\t<h1 class=\"elementor-heading-title elementor-size-default\">R\u00e9flexologie<\/h1>\t\t\t\t<\/div>\n\t\t\t\t<\/div>\n\t\t\t\t\t<\/div>\n\t\t\t\t<\/div>\n\t\t<div class=\"elementor-element elementor-element-7a12e8a e-flex e-con-boxed e-con e-parent\" data-id=\"7a12e8a\" data-element_type=\"container\">\n\t\t\t\t\t<div class=\"e-con-inner\">\n\t\t<div class=\"elementor-element elementor-element-92f2afe e-flex e-con-boxed e-con e-child\" data-id=\"92f2afe\" data-element_type=\"container\">\n\t\t\t\t\t<div class=\"e-con-inner\">\n\t\t\t\t<div class=\"elementor-element elementor-element-0342c64 elementor-widget elementor-widget-text-editor\" data-id=\"0342c64\" data-element_type=\"widget\" data-widget_type=\"text-editor.default\">\n\t\t\t\t<div class=\"elementor-widget-container\">\n\t\t\t\t\t\t\t\t\t<p>Chaque personne est unique, il est donc n\u00e9cessaire d'adapter les techniques \u00e0 vos sympt\u00f4mes et \u00e0 votre sensibilit\u00e9.<\/p>\t\t\t\t\t\t\t\t<\/div>\n\t\t\t\t<\/div>\n\t\t\t\t\t<\/div>\n\t\t\t\t<\/div>\n\t\t\t\t\t<\/div>\n\t\t\t\t<\/div>\n\t\t<div class=\"elementor-element elementor-element-3401194 e-flex e-con-boxed e-con e-parent\" data-id=\"3401194\" data-element_type=\"container\">\n\t\t\t\t\t<div class=\"e-con-inner\">\n\t\t<div class=\"elementor-element elementor-element-5e6380a e-con-full e-flex e-con e-child\" data-id=\"5e6380a\" data-element_type=\"container\">\n\t\t\t\t<div class=\"elementor-element elementor-element-9d41da6 elementor-position-top elementor-widget elementor-widget-image-box\" data-id=\"9d41da6\" data-element_type=\"widget\" data-widget_type=\"image-box.default\">\n\t\t\t\t<div class=\"elementor-widget-container\">\n\t\t\t\t\t<div class=\"elementor-image-box-wrapper\"><figure class=\"elementor-image-box-img\"><img fetchpriority=\"high\" decoding=\"async\" width=\"500\" height=\"333\" src=\"https:\/\/procorpus.lu\/de\/wp-content\/uploads\/2024\/03\/premium_photo-1661434642905-27ad958bab4a-ezgif.com-avif-to-jpg-converter.jpg\" class=\"attachment-full size-full wp-image-989\" alt=\"\" srcset=\"https:\/\/procorpus.lu\/de\/wp-content\/uploads\/2024\/03\/premium_photo-1661434642905-27ad958bab4a-ezgif.com-avif-to-jpg-converter.jpg 500w, https:\/\/procorpus.lu\/de\/wp-content\/uploads\/2024\/03\/premium_photo-1661434642905-27ad958bab4a-ezgif.com-avif-to-jpg-converter-300x200.jpg 300w\" sizes=\"(max-width: 500px) 100vw, 500px\" \/><\/figure><div class=\"elementor-image-box-content\"><h3 class=\"elementor-image-box-title\">R\u00e9flexologie Plantaire et\nPalmaire<\/h3><p class=\"elementor-image-box-description\">... favorise, par des pressions ponctuelles sur des \"zones r\u00e9flexes\" sp\u00e9cifiques, l'\u00e9quilibre, la d\u00e9tente et l'harmonisation du corps en cons\u00e9quence.<\/p><\/div><\/div>\t\t\t\t<\/div>\n\t\t\t\t<\/div>\n\t\t\t\t<\/div>\n\t\t<div class=\"elementor-element elementor-element-6c12680 e-con-full e-flex e-con e-child\" data-id=\"6c12680\" data-element_type=\"container\">\n\t\t\t\t<div class=\"elementor-element elementor-element-bb313d0 elementor-position-top elementor-widget elementor-widget-image-box\" data-id=\"bb313d0\" data-element_type=\"widget\" data-widget_type=\"image-box.default\">\n\t\t\t\t<div class=\"elementor-widget-container\">\n\t\t\t\t\t<div class=\"elementor-image-box-wrapper\"><figure class=\"elementor-image-box-img\"><img decoding=\"async\" width=\"1433\" height=\"993\" src=\"https:\/\/procorpus.lu\/de\/wp-content\/uploads\/2024\/02\/shinzu-experience.jpg\" class=\"attachment-full size-full wp-image-965\" alt=\"\" srcset=\"https:\/\/procorpus.lu\/de\/wp-content\/uploads\/2024\/02\/shinzu-experience.jpg 1433w, https:\/\/procorpus.lu\/de\/wp-content\/uploads\/2024\/02\/shinzu-experience-600x416.jpg 600w\" sizes=\"(max-width: 1433px) 100vw, 1433px\" \/><\/figure><div class=\"elementor-image-box-content\"><h3 class=\"elementor-image-box-title\">Shinzu \"The Face\"<\/h3><p class=\"elementor-image-box-description\">... est un traitement facial qui, \u00e0 l'aide de la baguette Kansa, revitalise l'arri\u00e8re de la t\u00eate, le visage, le d\u00e9colt\u00e9 et la nuque. On \u00e9limine les tensions et tonifie naturellement la peau gr\u00e2ce au d\u00f4me en alliage m\u00e9tallique au d\u00f4me ayurv\u00e9dique.<\/p><\/div><\/div>\t\t\t\t<\/div>\n\t\t\t\t<\/div>\n\t\t\t\t<\/div>\n\t\t\t\t\t<\/div>\n\t\t\t\t<\/div>\n\t\t<div class=\"elementor-element elementor-element-6fd0eda e-con-full e-flex e-con e-parent\" data-id=\"6fd0eda\" data-element_type=\"container\">\n\t\t\t\t<div class=\"elementor-element elementor-element-358b863 elementor-arrows-position-inside elementor-pagination-position-outside elementor-widget elementor-widget-image-carousel\" data-id=\"358b863\" data-element_type=\"widget\" data-settings=\"{&quot;slides_to_show&quot;:&quot;6&quot;,&quot;navigation&quot;:&quot;both&quot;,&quot;autoplay&quot;:&quot;yes&quot;,&quot;pause_on_hover&quot;:&quot;yes&quot;,&quot;pause_on_interaction&quot;:&quot;yes&quot;,&quot;autoplay_speed&quot;:5000,&quot;infinite&quot;:&quot;yes&quot;,&quot;speed&quot;:500}\" data-widget_type=\"image-carousel.default\">\n\t\t\t\t<div class=\"elementor-widget-container\">\n\t\t\t\t\t\t\t<div class=\"elementor-image-carousel-wrapper swiper\" role=\"region\" aria-roledescription=\"carousel\" aria-label=\"Carrousel d\u2019images\" dir=\"ltr\">\n\t\t\t<div class=\"elementor-image-carousel swiper-wrapper\" aria-live=\"off\">\n\t\t\t\t\t\t\t\t<div class=\"swiper-slide\" role=\"group\" aria-roledescription=\"slide\" aria-label=\"1 sur 6\"><figure class=\"swiper-slide-inner\"><img decoding=\"async\" class=\"swiper-slide-image\" src=\"https:\/\/procorpus.lu\/de\/wp-content\/uploads\/elementor\/thumbs\/photo-1506543277633-99deabfcd722-ezgif.com-avif-to-jpg-converter-qkmgobqhtzlnb8378pd3xqomh7ewm01ra2cb21xtx4.jpg\" alt=\"photo-1506543277633-99deabfcd722-ezgif.com-avif-to-jpg-converter\" \/><\/figure><\/div><div class=\"swiper-slide\" role=\"group\" aria-roledescription=\"slide\" aria-label=\"2 sur 6\"><figure class=\"swiper-slide-inner\"><img decoding=\"async\" class=\"swiper-slide-image\" src=\"https:\/\/procorpus.lu\/de\/wp-content\/uploads\/elementor\/thumbs\/photo-1556043404-db319d9f1825-qkmgnzild54x4aky822yjbrmr734txp8wduztgfy60.jpg\" alt=\"photo-1556043404-db319d9f1825\" \/><\/figure><\/div><div class=\"swiper-slide\" role=\"group\" aria-roledescription=\"slide\" aria-label=\"3 sur 6\"><figure class=\"swiper-slide-inner\"><img decoding=\"async\" class=\"swiper-slide-image\" src=\"https:\/\/procorpus.lu\/de\/wp-content\/uploads\/elementor\/thumbs\/photo-1504177151729-0e0600389766-qkmgno8j34ph8z1c1x7fpem3mkmq9kgguu1624wo8o.jpg\" alt=\"photo-1504177151729-0e0600389766\" \/><\/figure><\/div><div class=\"swiper-slide\" role=\"group\" aria-roledescription=\"slide\" aria-label=\"4 sur 6\"><figure class=\"swiper-slide-inner\"><img decoding=\"async\" class=\"swiper-slide-image\" src=\"https:\/\/procorpus.lu\/de\/wp-content\/uploads\/elementor\/thumbs\/photo-1501169684728-a1f57bbb5a3e-qkmgnmcupgmwlr42cwe6kf36fsvzu6906kq73kzgl4.jpg\" alt=\"photo-1501169684728-a1f57bbb5a3e\" \/><\/figure><\/div><div class=\"swiper-slide\" role=\"group\" aria-roledescription=\"slide\" aria-label=\"5 sur 6\"><figure class=\"swiper-slide-inner\"><img decoding=\"async\" class=\"swiper-slide-image\" src=\"https:\/\/procorpus.lu\/de\/wp-content\/uploads\/elementor\/thumbs\/photo-1516280117825-9fb8966b72a7-qkmgnq47gss1w6ylqy0oue50tcdgoynxj3c50otvw8.jpg\" alt=\"photo-1516280117825-9fb8966b72a7\" \/><\/figure><\/div><div class=\"swiper-slide\" role=\"group\" aria-roledescription=\"slide\" aria-label=\"6 sur 6\"><figure class=\"swiper-slide-inner\"><img decoding=\"async\" class=\"swiper-slide-image\" src=\"https:\/\/procorpus.lu\/de\/wp-content\/uploads\/elementor\/thumbs\/photo-1621885811090-35643f4ba437-ezgif.com-avif-to-jpg-converter-qkmgo47sbbbcqce4gm43dskxq4fywf7wl14f7u8zaw.jpg\" alt=\"photo-1621885811090-35643f4ba437-ezgif.com-avif-to-jpg-converter\" \/><\/figure><\/div>\t\t\t<\/div>\n\t\t\t\t\t\t\t\t\t\t\t\t<div class=\"elementor-swiper-button elementor-swiper-button-prev\" role=\"button\" tabindex=\"0\">\n\t\t\t\t\t\t<svg aria-hidden=\"true\" class=\"e-font-icon-svg e-eicon-chevron-left\" viewbox=\"0 0 1000 1000\" xmlns=\"http:\/\/www.w3.org\/2000\/svg\"><path d=\"M646 125C629 125 613 133 604 142L308 442C296 454 292 471 292 487 292 504 296 521 308 533L604 854C617 867 629 875 646 875 663 875 679 871 692 858 704 846 713 829 713 812 713 796 708 779 692 767L438 487 692 225C700 217 708 204 708 187 708 171 704 154 692 142 675 129 663 125 646 125Z\"><\/path><\/svg>\t\t\t\t\t<\/div>\n\t\t\t\t\t<div class=\"elementor-swiper-button elementor-swiper-button-next\" role=\"button\" tabindex=\"0\">\n\t\t\t\t\t\t<svg aria-hidden=\"true\" class=\"e-font-icon-svg e-eicon-chevron-right\" viewbox=\"0 0 1000 1000\" xmlns=\"http:\/\/www.w3.org\/2000\/svg\"><path d=\"M696 533C708 521 713 504 713 487 713 471 708 454 696 446L400 146C388 133 375 125 354 125 338 125 325 129 313 142 300 154 292 171 292 187 292 204 296 221 308 233L563 492 304 771C292 783 288 800 288 817 288 833 296 850 308 863 321 871 338 875 354 875 371 875 388 867 400 854L696 533Z\"><\/path><\/svg>\t\t\t\t\t<\/div>\n\t\t\t\t\n\t\t\t\t\t\t\t\t\t<div class=\"swiper-pagination\"><\/div>\n\t\t\t\t\t\t\t\t\t<\/div>\n\t\t\t\t\t\t<\/div>\n\t\t\t\t<\/div>\n\t\t\t\t<\/div>\n\t\t<div class=\"elementor-element elementor-element-d91f38d e-flex e-con-boxed e-con e-parent\" data-id=\"d91f38d\" data-element_type=\"container\">\n\t\t\t\t\t<div class=\"e-con-inner\">\n\t\t<div class=\"elementor-element elementor-element-f592a31 e-flex e-con-boxed e-con e-child\" data-id=\"f592a31\" data-element_type=\"container\">\n\t\t\t\t\t<div class=\"e-con-inner\">\n\t\t\t\t<div class=\"elementor-element elementor-element-32b6da4 elementor-widget elementor-widget-heading\" data-id=\"32b6da4\" data-element_type=\"widget\" data-widget_type=\"heading.default\">\n\t\t\t\t<div class=\"elementor-widget-container\">\n\t\t\t\t\t<h2 class=\"elementor-heading-title elementor-size-default\">Effet<\/h2>\t\t\t\t<\/div>\n\t\t\t\t<\/div>\n\t\t<div class=\"elementor-element elementor-element-7be672a e-flex e-con-boxed e-con e-child\" data-id=\"7be672a\" data-element_type=\"container\">\n\t\t\t\t\t<div class=\"e-con-inner\">\n\t\t\t\t<div class=\"elementor-element elementor-element-64997e6 elementor-widget elementor-widget-text-editor\" data-id=\"64997e6\" data-element_type=\"widget\" data-widget_type=\"text-editor.default\">\n\t\t\t\t<div class=\"elementor-widget-container\">\n\t\t\t\t\t\t\t\t\t<p><!-- notionvc: 416a965e-8c42-40ab-bb0b-13e7afa0fae5 --><\/p>\n<ul>\n<li><strong>L'harmonisation du corps<\/strong><\/li>\n<li><strong>La d\u00e9tente g\u00e9n\u00e9rale s<\/strong><strong>outient :<\/strong>\n<ul>\n<li>le syst\u00e8me digestif<\/li>\n<li>le syst\u00e8me nerveux<\/li>\n<li>le syst\u00e8me circulatoire<\/li>\n<li>le syst\u00e8me immunitaire<\/li>\n<li>le drainage lymphatique etc...<\/li>\n<\/ul>\n<\/li>\n<li><strong>et a un effet renfor\u00e7ant :<\/strong>\n<ul>\n<li>en cas de cancer<\/li>\n<li>en cas de lip\u0153d\u00e8me<\/li>\n<li>en cas de fibromyalgie<\/li>\n<li>en cas de scl\u00e9rose en plaques<\/li>\n<li>en cas de burnout.<\/li>\n<li>apr\u00e8s un accident vasculaire c\u00e9r\u00e9bral\/une attaque c\u00e9r\u00e9brale etc...<\/li>\n<\/ul>\n<\/li>\n<\/ul>\t\t\t\t\t\t\t\t<\/div>\n\t\t\t\t<\/div>\n\t\t\t\t<div class=\"elementor-element elementor-element-62e639e elementor-widget elementor-widget-text-editor\" data-id=\"62e639e\" data-element_type=\"widget\" data-widget_type=\"text-editor.default\">\n\t\t\t\t<div class=\"elementor-widget-container\">\n\t\t\t\t\t\t\t\t\t<p>Plus d'informations sur <span style=\"text-decoration: underline;\"><a href=\"http:\/\/procorpus.lu\/de\/fr\/fragen-antworten\/\">Questions &amp; r\u00e9ponses<\/a><\/span><\/p>\t\t\t\t\t\t\t\t<\/div>\n\t\t\t\t<\/div>\n\t\t\t\t\t<\/div>\n\t\t\t\t<\/div>\n\t\t\t\t\t<\/div>\n\t\t\t\t<\/div>\n\t\t\t\t<div class=\"elementor-element elementor-element-34cf34e elementor-widget elementor-widget-image\" data-id=\"34cf34e\" data-element_type=\"widget\" data-widget_type=\"image.default\">\n\t\t\t\t<div class=\"elementor-widget-container\">\n\t\t\t\t\t\t\t\t\t\t\t\t\t\t\t<img decoding=\"async\" width=\"800\" height=\"534\" src=\"https:\/\/procorpus.lu\/de\/wp-content\/uploads\/2024\/02\/camille-brodard-VxAwTeiqDao-unsplash.jpg\" class=\"attachment-large size-large wp-image-250\" alt=\"\" srcset=\"https:\/\/procorpus.lu\/de\/wp-content\/uploads\/2024\/02\/camille-brodard-VxAwTeiqDao-unsplash.jpg 1000w, https:\/\/procorpus.lu\/de\/wp-content\/uploads\/2024\/02\/camille-brodard-VxAwTeiqDao-unsplash-600x400.jpg 600w, https:\/\/procorpus.lu\/de\/wp-content\/uploads\/2024\/02\/camille-brodard-VxAwTeiqDao-unsplash-300x200.jpg 300w, https:\/\/procorpus.lu\/de\/wp-content\/uploads\/2024\/02\/camille-brodard-VxAwTeiqDao-unsplash-768x512.jpg 768w\" sizes=\"(max-width: 800px) 100vw, 800px\" \/>\t\t\t\t\t\t\t\t\t\t\t\t\t\t\t<\/div>\n\t\t\t\t<\/div>\n\t\t\t\t\t<\/div>\n\t\t\t\t<\/div>\n\t\t\t\t<\/div>","protected":false},"excerpt":{"rendered":"<p>Reflexologie Jeder Mensch ist einzigartig, daher ist es erforderlich, die Techniken an Ihre individuellen Krankheitssymptomatiken und Empfindlichkeiten anzupassen Fu\u00df- und Handreflexzonentherapie &#8230; f\u00f6rdert durch punktuellen Druck auf spezifische &#8222;Reflexzonen&#8220;, entsprechend Gleichgewicht, Entspannung und Harmonisierung des K\u00f6rpers. Shinzu &#8222;The Face&#8220; &#8230; ist eine Gesichtsbehandlung, die mit Hilfe eines Kansa-Stabes den Hinterkopf, Gesicht, Dekollet\u00e9 und Nackenbereich revitalisiert, [&hellip;]<\/p>","protected":false},"author":1,"featured_media":0,"parent":0,"menu_order":0,"comment_status":"closed","ping_status":"closed","template":"elementor_header_footer","meta":{"footnotes":""},"class_list":["post-78","page","type-page","status-publish","hentry"],"yoast_head":"<!-- This site is optimized with the Yoast SEO plugin v26.0 - https:\/\/yoast.com\/wordpress\/plugins\/seo\/ -->\n<title>Home - ProCorpus<\/title>\n<meta name=\"robots\" content=\"index, follow, max-snippet:-1, max-image-preview:large, max-video-preview:-1\" \/>\n<link rel=\"canonical\" href=\"https:\/\/procorpus.lu\/de\/fr\/\" \/>\n<meta property=\"og:locale\" content=\"fr_FR\" \/>\n<meta property=\"og:type\" content=\"article\" \/>\n<meta property=\"og:title\" content=\"Home - ProCorpus\" \/>\n<meta property=\"og:description\" content=\"Reflexologie Jeder Mensch ist einzigartig, daher ist es erforderlich, die Techniken an Ihre individuellen Krankheitssymptomatiken und Empfindlichkeiten anzupassen Fu\u00df- und Handreflexzonentherapie &#8230; f\u00f6rdert durch punktuellen Druck auf spezifische &#8222;Reflexzonen&#8220;, entsprechend Gleichgewicht, Entspannung und Harmonisierung des K\u00f6rpers. Shinzu &#8222;The Face&#8220; &#8230; ist eine Gesichtsbehandlung, die mit Hilfe eines Kansa-Stabes den Hinterkopf, Gesicht, Dekollet\u00e9 und Nackenbereich revitalisiert, [&hellip;]\" \/>\n<meta property=\"og:url\" content=\"https:\/\/procorpus.lu\/de\/fr\/\" \/>\n<meta property=\"og:site_name\" content=\"ProCorpus\" \/>\n<meta property=\"article:publisher\" content=\"https:\/\/www.facebook.com\/people\/Pro-Corpus-Diederich-Nicole\/61550679693712\/\" \/>\n<meta property=\"article:modified_time\" content=\"2024-06-06T11:54:42+00:00\" \/>\n<meta property=\"og:image\" content=\"https:\/\/procorpus.lu\/de\/wp-content\/uploads\/2024\/03\/premium_photo-1661434642905-27ad958bab4a-ezgif.com-avif-to-jpg-converter.jpg\" \/>\n<meta name=\"twitter:card\" content=\"summary_large_image\" \/>\n<meta name=\"twitter:label1\" content=\"Dur\u00e9e de lecture estim\u00e9e\" \/>\n\t<meta name=\"twitter:data1\" content=\"1 minute\" \/>\n<script type=\"application\/ld+json\" class=\"yoast-schema-graph\">{\"@context\":\"https:\/\/schema.org\",\"@graph\":[{\"@type\":\"WebPage\",\"@id\":\"https:\/\/procorpus.lu\/de\/\",\"url\":\"https:\/\/procorpus.lu\/de\/\",\"name\":\"Home - ProCorpus\",\"isPartOf\":{\"@id\":\"https:\/\/procorpus.lu\/de\/#website\"},\"primaryImageOfPage\":{\"@id\":\"https:\/\/procorpus.lu\/de\/#primaryimage\"},\"image\":{\"@id\":\"https:\/\/procorpus.lu\/de\/#primaryimage\"},\"thumbnailUrl\":\"https:\/\/procorpus.lu\/de\/wp-content\/uploads\/2024\/03\/premium_photo-1661434642905-27ad958bab4a-ezgif.com-avif-to-jpg-converter.jpg\",\"datePublished\":\"2024-02-03T16:57:07+00:00\",\"dateModified\":\"2024-06-06T11:54:42+00:00\",\"breadcrumb\":{\"@id\":\"https:\/\/procorpus.lu\/de\/#breadcrumb\"},\"inLanguage\":\"fr-FR\",\"potentialAction\":[{\"@type\":\"ReadAction\",\"target\":[\"https:\/\/procorpus.lu\/de\/\"]}]},{\"@type\":\"ImageObject\",\"inLanguage\":\"fr-FR\",\"@id\":\"https:\/\/procorpus.lu\/de\/#primaryimage\",\"url\":\"https:\/\/procorpus.lu\/de\/wp-content\/uploads\/2024\/03\/premium_photo-1661434642905-27ad958bab4a-ezgif.com-avif-to-jpg-converter.jpg\",\"contentUrl\":\"https:\/\/procorpus.lu\/de\/wp-content\/uploads\/2024\/03\/premium_photo-1661434642905-27ad958bab4a-ezgif.com-avif-to-jpg-converter.jpg\"},{\"@type\":\"BreadcrumbList\",\"@id\":\"https:\/\/procorpus.lu\/de\/#breadcrumb\",\"itemListElement\":[{\"@type\":\"ListItem\",\"position\":1,\"name\":\"Startseite\",\"item\":\"https:\/\/procorpus.lu\/de\/\"},{\"@type\":\"ListItem\",\"position\":2,\"name\":\"Home\"}]},{\"@type\":\"WebSite\",\"@id\":\"https:\/\/procorpus.lu\/de\/#website\",\"url\":\"https:\/\/procorpus.lu\/de\/\",\"name\":\"ProCorpus\",\"description\":\"\",\"publisher\":{\"@id\":\"https:\/\/procorpus.lu\/de\/#\/schema\/person\/0c8416e55fecbb47a329843a1c7afed9\"},\"potentialAction\":[{\"@type\":\"SearchAction\",\"target\":{\"@type\":\"EntryPoint\",\"urlTemplate\":\"https:\/\/procorpus.lu\/de\/?s={search_term_string}\"},\"query-input\":{\"@type\":\"PropertyValueSpecification\",\"valueRequired\":true,\"valueName\":\"search_term_string\"}}],\"inLanguage\":\"fr-FR\"},{\"@type\":[\"Person\",\"Organization\"],\"@id\":\"https:\/\/procorpus.lu\/de\/#\/schema\/person\/0c8416e55fecbb47a329843a1c7afed9\",\"name\":\"Nicole Diederich\",\"image\":{\"@type\":\"ImageObject\",\"inLanguage\":\"fr-FR\",\"@id\":\"https:\/\/procorpus.lu\/de\/#\/schema\/person\/image\/\",\"url\":\"https:\/\/procorpus.lu\/de\/wp-content\/uploads\/2024\/02\/cropped-procorpus-logo.png\",\"contentUrl\":\"https:\/\/procorpus.lu\/de\/wp-content\/uploads\/2024\/02\/cropped-procorpus-logo.png\",\"width\":799,\"height\":428,\"caption\":\"Nicole Diederich\"},\"logo\":{\"@id\":\"https:\/\/procorpus.lu\/de\/#\/schema\/person\/image\/\"},\"description\":\"Multi-r\u00e9flexologie certifi\u00e9e par REFLEXOLOGIE IN EUROPE NEXUS &amp; Soins \u00c9nerg\u00e9tiques et Ayurvediques \/ Multi-reflexologie zertifiziert von REFLEXOLOGIE IN EUROPE NEXUS &amp; Energeetesch an Ayurvedesch Soins\",\"sameAs\":[\"http:\/\/procorpus.lu\/de\",\"https:\/\/www.facebook.com\/people\/Pro-Corpus-Diederich-Nicole\/61550679693712\/\"]}]}<\/script>\n<!-- \/ Yoast SEO plugin. -->","yoast_head_json":{"title":"Home - ProCorpus","robots":{"index":"index","follow":"follow","max-snippet":"max-snippet:-1","max-image-preview":"max-image-preview:large","max-video-preview":"max-video-preview:-1"},"canonical":"https:\/\/procorpus.lu\/de\/fr\/","og_locale":"fr_FR","og_type":"article","og_title":"Home - ProCorpus","og_description":"Reflexologie Jeder Mensch ist einzigartig, daher ist es erforderlich, die Techniken an Ihre individuellen Krankheitssymptomatiken und Empfindlichkeiten anzupassen Fu\u00df- und Handreflexzonentherapie &#8230; f\u00f6rdert durch punktuellen Druck auf spezifische &#8222;Reflexzonen&#8220;, entsprechend Gleichgewicht, Entspannung und Harmonisierung des K\u00f6rpers. Shinzu &#8222;The Face&#8220; &#8230; ist eine Gesichtsbehandlung, die mit Hilfe eines Kansa-Stabes den Hinterkopf, Gesicht, Dekollet\u00e9 und Nackenbereich revitalisiert, [&hellip;]","og_url":"https:\/\/procorpus.lu\/de\/fr\/","og_site_name":"ProCorpus","article_publisher":"https:\/\/www.facebook.com\/people\/Pro-Corpus-Diederich-Nicole\/61550679693712\/","article_modified_time":"2024-06-06T11:54:42+00:00","og_image":[{"url":"https:\/\/procorpus.lu\/de\/wp-content\/uploads\/2024\/03\/premium_photo-1661434642905-27ad958bab4a-ezgif.com-avif-to-jpg-converter.jpg","type":"","width":"","height":""}],"twitter_card":"summary_large_image","twitter_misc":{"Dur\u00e9e de lecture estim\u00e9e":"1 minute"},"schema":{"@context":"https:\/\/schema.org","@graph":[{"@type":"WebPage","@id":"https:\/\/procorpus.lu\/de\/","url":"https:\/\/procorpus.lu\/de\/","name":"Home - ProCorpus","isPartOf":{"@id":"https:\/\/procorpus.lu\/de\/#website"},"primaryImageOfPage":{"@id":"https:\/\/procorpus.lu\/de\/#primaryimage"},"image":{"@id":"https:\/\/procorpus.lu\/de\/#primaryimage"},"thumbnailUrl":"https:\/\/procorpus.lu\/de\/wp-content\/uploads\/2024\/03\/premium_photo-1661434642905-27ad958bab4a-ezgif.com-avif-to-jpg-converter.jpg","datePublished":"2024-02-03T16:57:07+00:00","dateModified":"2024-06-06T11:54:42+00:00","breadcrumb":{"@id":"https:\/\/procorpus.lu\/de\/#breadcrumb"},"inLanguage":"fr-FR","potentialAction":[{"@type":"ReadAction","target":["https:\/\/procorpus.lu\/de\/"]}]},{"@type":"ImageObject","inLanguage":"fr-FR","@id":"https:\/\/procorpus.lu\/de\/#primaryimage","url":"https:\/\/procorpus.lu\/de\/wp-content\/uploads\/2024\/03\/premium_photo-1661434642905-27ad958bab4a-ezgif.com-avif-to-jpg-converter.jpg","contentUrl":"https:\/\/procorpus.lu\/de\/wp-content\/uploads\/2024\/03\/premium_photo-1661434642905-27ad958bab4a-ezgif.com-avif-to-jpg-converter.jpg"},{"@type":"BreadcrumbList","@id":"https:\/\/procorpus.lu\/de\/#breadcrumb","itemListElement":[{"@type":"ListItem","position":1,"name":"Startseite","item":"https:\/\/procorpus.lu\/de\/"},{"@type":"ListItem","position":2,"name":"Home"}]},{"@type":"WebSite","@id":"https:\/\/procorpus.lu\/de\/#website","url":"https:\/\/procorpus.lu\/de\/","name":"ProCorpus","description":"","publisher":{"@id":"https:\/\/procorpus.lu\/de\/#\/schema\/person\/0c8416e55fecbb47a329843a1c7afed9"},"potentialAction":[{"@type":"SearchAction","target":{"@type":"EntryPoint","urlTemplate":"https:\/\/procorpus.lu\/de\/?s={search_term_string}"},"query-input":{"@type":"PropertyValueSpecification","valueRequired":true,"valueName":"search_term_string"}}],"inLanguage":"fr-FR"},{"@type":["Person","Organization"],"@id":"https:\/\/procorpus.lu\/de\/#\/schema\/person\/0c8416e55fecbb47a329843a1c7afed9","name":"Nicole Diederich","image":{"@type":"ImageObject","inLanguage":"fr-FR","@id":"https:\/\/procorpus.lu\/de\/#\/schema\/person\/image\/","url":"https:\/\/procorpus.lu\/de\/wp-content\/uploads\/2024\/02\/cropped-procorpus-logo.png","contentUrl":"https:\/\/procorpus.lu\/de\/wp-content\/uploads\/2024\/02\/cropped-procorpus-logo.png","width":799,"height":428,"caption":"Nicole Diederich"},"logo":{"@id":"https:\/\/procorpus.lu\/de\/#\/schema\/person\/image\/"},"description":"Multi-r\u00e9flexologie certifi\u00e9e par REFLEXOLOGIE IN EUROPE NEXUS &amp; Soins \u00c9nerg\u00e9tiques et Ayurvediques \/ Multi-reflexologie zertifiziert von REFLEXOLOGIE IN EUROPE NEXUS &amp; Energeetesch an Ayurvedesch Soins","sameAs":["http:\/\/procorpus.lu\/de","https:\/\/www.facebook.com\/people\/Pro-Corpus-Diederich-Nicole\/61550679693712\/"]}]}},"rttpg_featured_image_url":null,"rttpg_author":{"display_name":"Nicole Diederich","author_link":"https:\/\/procorpus.lu\/de\/fr\/author\/jtzbwgte1\/"},"rttpg_comment":0,"rttpg_category":null,"rttpg_excerpt":"Reflexologie Jeder Mensch ist einzigartig, daher ist es erforderlich, die Techniken an Ihre individuellen Krankheitssymptomatiken und Empfindlichkeiten anzupassen Fu\u00df- und Handreflexzonentherapie &#8230; f\u00f6rdert durch punktuellen Druck auf spezifische &#8222;Reflexzonen&#8220;, entsprechend Gleichgewicht, Entspannung und Harmonisierung des K\u00f6rpers. Shinzu &#8222;The Face&#8220; &#8230; ist eine Gesichtsbehandlung, die mit Hilfe eines Kansa-Stabes den Hinterkopf, Gesicht, Dekollet\u00e9 und Nackenbereich revitalisiert,\u2026","_links":{"self":[{"href":"https:\/\/procorpus.lu\/de\/fr\/wp-json\/wp\/v2\/pages\/78","targetHints":{"allow":["GET"]}}],"collection":[{"href":"https:\/\/procorpus.lu\/de\/fr\/wp-json\/wp\/v2\/pages"}],"about":[{"href":"https:\/\/procorpus.lu\/de\/fr\/wp-json\/wp\/v2\/types\/page"}],"author":[{"embeddable":true,"href":"https:\/\/procorpus.lu\/de\/fr\/wp-json\/wp\/v2\/users\/1"}],"replies":[{"embeddable":true,"href":"https:\/\/procorpus.lu\/de\/fr\/wp-json\/wp\/v2\/comments?post=78"}],"version-history":[{"count":377,"href":"https:\/\/procorpus.lu\/de\/fr\/wp-json\/wp\/v2\/pages\/78\/revisions"}],"predecessor-version":[{"id":2197,"href":"https:\/\/procorpus.lu\/de\/fr\/wp-json\/wp\/v2\/pages\/78\/revisions\/2197"}],"wp:attachment":[{"href":"https:\/\/procorpus.lu\/de\/fr\/wp-json\/wp\/v2\/media?parent=78"}],"curies":[{"name":"wp","href":"https:\/\/api.w.org\/{rel}","templated":true}]}}