{"id":641,"date":"2024-02-07T19:20:43","date_gmt":"2024-02-07T18:20:43","guid":{"rendered":"http:\/\/procorpus.lu\/de\/?page_id=641"},"modified":"2024-06-06T19:10:12","modified_gmt":"2024-06-06T17:10:12","slug":"handreflexzonenmassage","status":"publish","type":"page","link":"https:\/\/procorpus.lu\/de\/fr\/handreflexzonenmassage\/","title":{"rendered":"R\u00e9flexologie Palmaire"},"content":{"rendered":"<div data-elementor-type=\"wp-page\" data-elementor-id=\"641\" class=\"elementor elementor-641\">\n\t\t\t\t<div class=\"elementor-element elementor-element-6ccc2c5 e-con-full e-flex e-con e-parent\" data-id=\"6ccc2c5\" data-element_type=\"container\" data-settings=\"{&quot;background_background&quot;:&quot;classic&quot;}\">\n\t\t\t\t<\/div>\n\t\t<div class=\"elementor-element elementor-element-041217c e-flex e-con-boxed e-con e-parent\" data-id=\"041217c\" data-element_type=\"container\">\n\t\t\t\t\t<div class=\"e-con-inner\">\n\t\t\t\t<div class=\"elementor-element elementor-element-043ba9e elementor-widget elementor-widget-heading\" data-id=\"043ba9e\" data-element_type=\"widget\" data-widget_type=\"heading.default\">\n\t\t\t\t<div class=\"elementor-widget-container\">\n\t\t\t\t\t<h1 class=\"elementor-heading-title elementor-size-default\">R\u00e9flexologie Palmaire<\/h1>\t\t\t\t<\/div>\n\t\t\t\t<\/div>\n\t\t\t\t\t<\/div>\n\t\t\t\t<\/div>\n\t\t<div class=\"elementor-element elementor-element-6641617 e-flex e-con-boxed e-con e-parent\" data-id=\"6641617\" data-element_type=\"container\">\n\t\t\t\t\t<div class=\"e-con-inner\">\n\t\t<div class=\"elementor-element elementor-element-209aa38 e-flex e-con-boxed e-con e-child\" data-id=\"209aa38\" data-element_type=\"container\">\n\t\t\t\t\t<div class=\"e-con-inner\">\n\t\t<div class=\"elementor-element elementor-element-efb5e45 e-flex e-con-boxed e-con e-child\" data-id=\"efb5e45\" data-element_type=\"container\">\n\t\t\t\t\t<div class=\"e-con-inner\">\n\t\t\t\t<div class=\"elementor-element elementor-element-342c5df elementor-widget elementor-widget-text-editor\" data-id=\"342c5df\" data-element_type=\"widget\" data-widget_type=\"text-editor.default\">\n\t\t\t\t<div class=\"elementor-widget-container\">\n\t\t\t\t\t\t\t\t\t<p>Selon la m\u00e9decine traditionnelle chinoise (MTC)<\/p>\t\t\t\t\t\t\t\t<\/div>\n\t\t\t\t<\/div>\n\t\t\t\t\t<\/div>\n\t\t\t\t<\/div>\n\t\t\t\t\t<\/div>\n\t\t\t\t<\/div>\n\t\t\t\t\t<\/div>\n\t\t\t\t<\/div>\n\t\t<div class=\"elementor-element elementor-element-b26264a e-flex e-con-boxed e-con e-parent\" data-id=\"b26264a\" data-element_type=\"container\">\n\t\t\t\t\t<div class=\"e-con-inner\">\n\t\t<div class=\"elementor-element elementor-element-f68cc90 e-flex e-con-boxed e-con e-child\" data-id=\"f68cc90\" data-element_type=\"container\">\n\t\t\t\t\t<div class=\"e-con-inner\">\n\t\t<div class=\"elementor-element elementor-element-431080e e-flex e-con-boxed e-con e-child\" data-id=\"431080e\" data-element_type=\"container\">\n\t\t\t\t\t<div class=\"e-con-inner\">\n\t\t\t\t<div class=\"elementor-element elementor-element-be08ca1 elementor-widget elementor-widget-heading\" data-id=\"be08ca1\" data-element_type=\"widget\" data-widget_type=\"heading.default\">\n\t\t\t\t<div class=\"elementor-widget-container\">\n\t\t\t\t\t<h3 class=\"elementor-heading-title elementor-size-default\">Le traitement<\/h3>\t\t\t\t<\/div>\n\t\t\t\t<\/div>\n\t\t\t\t<div class=\"elementor-element elementor-element-a7758ab elementor-widget elementor-widget-text-editor\" data-id=\"a7758ab\" data-element_type=\"widget\" data-widget_type=\"text-editor.default\">\n\t\t\t\t<div class=\"elementor-widget-container\">\n\t\t\t\t\t\t\t\t\t<p class=\"p1 translation-block\">Le <strong>but<\/strong> de cette r\u00e9flexologie est de diminuer les <strong>tensions, de soulager les douleurs, d'apaiser la personne<\/strong>.\nLa main offre l'avantage d'\u00eatre <strong>disponible \u00e0 tout moment<\/strong>. Les zones r\u00e9flexes sont plus petites et moins sensibles.<\/p><p class=\"p1 translation-block\">Elle peut \u00eatre une <strong>alternative \u00e0 la r\u00e9flexologie plantaire<\/strong> pour ceux qui ne supportent pas qu'on leur touche les pieds. Le <strong>syst\u00e8me nerveux<\/strong> r\u00e9agit <strong>plus rapidement<\/strong> mais <strong>moins durablement<\/strong>.<\/p>\t\t\t\t\t\t\t\t<\/div>\n\t\t\t\t<\/div>\n\t\t\t\t\t<\/div>\n\t\t\t\t<\/div>\n\t\t<div class=\"elementor-element elementor-element-d9cbd78 e-con-full e-flex e-con e-child\" data-id=\"d9cbd78\" data-element_type=\"container\" data-settings=\"{&quot;background_background&quot;:&quot;classic&quot;}\">\n\t\t\t\t<\/div>\n\t\t\t\t\t<\/div>\n\t\t\t\t<\/div>\n\t\t\t\t\t<\/div>\n\t\t\t\t<\/div>\n\t\t\t\t<\/div>","protected":false},"excerpt":{"rendered":"<p>Handreflexzonentherapie Nach traditioneller chinesischer Medizin (TCM) Die Behandlung Das Ziel dieser Reflexzonenmassage ist es, Spannungen abzubauen, Schmerzen zu lindern und die Person zu beruhigen. Die Hand bietet den Vorteil, dass sie jederzeit verf\u00fcgbar ist. Die Reflexzonen sind kleiner und weniger empfindlich. Sie kann eine Alternative zur Fu\u00dfreflexzonenmassage f\u00fcr diejenigen sein, die es nicht ertragen k\u00f6nnen, [&hellip;]<\/p>","protected":false},"author":1,"featured_media":0,"parent":0,"menu_order":0,"comment_status":"closed","ping_status":"closed","template":"","meta":{"footnotes":""},"class_list":["post-641","page","type-page","status-publish","hentry"],"yoast_head":"<!-- This site is optimized with the Yoast SEO plugin v26.0 - https:\/\/yoast.com\/wordpress\/plugins\/seo\/ -->\n<title>Handreflexzonenmassage - ProCorpus<\/title>\n<meta name=\"robots\" content=\"index, follow, max-snippet:-1, max-image-preview:large, max-video-preview:-1\" \/>\n<link rel=\"canonical\" href=\"https:\/\/procorpus.lu\/de\/fr\/handreflexzonenmassage\/\" \/>\n<meta property=\"og:locale\" content=\"fr_FR\" \/>\n<meta property=\"og:type\" content=\"article\" \/>\n<meta property=\"og:title\" content=\"Handreflexzonenmassage - ProCorpus\" \/>\n<meta property=\"og:description\" content=\"Handreflexzonentherapie Nach traditioneller chinesischer Medizin (TCM) Die Behandlung Das Ziel dieser Reflexzonenmassage ist es, Spannungen abzubauen, Schmerzen zu lindern und die Person zu beruhigen. Die Hand bietet den Vorteil, dass sie jederzeit verf\u00fcgbar ist. Die Reflexzonen sind kleiner und weniger empfindlich. Sie kann eine Alternative zur Fu\u00dfreflexzonenmassage f\u00fcr diejenigen sein, die es nicht ertragen k\u00f6nnen, [&hellip;]\" \/>\n<meta property=\"og:url\" content=\"https:\/\/procorpus.lu\/de\/fr\/handreflexzonenmassage\/\" \/>\n<meta property=\"og:site_name\" content=\"ProCorpus\" \/>\n<meta property=\"article:publisher\" content=\"https:\/\/www.facebook.com\/people\/Pro-Corpus-Diederich-Nicole\/61550679693712\/\" \/>\n<meta property=\"article:modified_time\" content=\"2024-06-06T17:10:12+00:00\" \/>\n<meta name=\"twitter:card\" content=\"summary_large_image\" \/>\n<script type=\"application\/ld+json\" class=\"yoast-schema-graph\">{\"@context\":\"https:\/\/schema.org\",\"@graph\":[{\"@type\":\"WebPage\",\"@id\":\"https:\/\/procorpus.lu\/de\/handreflexzonenmassage\/\",\"url\":\"https:\/\/procorpus.lu\/de\/handreflexzonenmassage\/\",\"name\":\"Handreflexzonenmassage - ProCorpus\",\"isPartOf\":{\"@id\":\"https:\/\/procorpus.lu\/de\/#website\"},\"datePublished\":\"2024-02-07T18:20:43+00:00\",\"dateModified\":\"2024-06-06T17:10:12+00:00\",\"breadcrumb\":{\"@id\":\"https:\/\/procorpus.lu\/de\/handreflexzonenmassage\/#breadcrumb\"},\"inLanguage\":\"fr-FR\",\"potentialAction\":[{\"@type\":\"ReadAction\",\"target\":[\"https:\/\/procorpus.lu\/de\/handreflexzonenmassage\/\"]}]},{\"@type\":\"BreadcrumbList\",\"@id\":\"https:\/\/procorpus.lu\/de\/handreflexzonenmassage\/#breadcrumb\",\"itemListElement\":[{\"@type\":\"ListItem\",\"position\":1,\"name\":\"Startseite\",\"item\":\"https:\/\/procorpus.lu\/de\/\"},{\"@type\":\"ListItem\",\"position\":2,\"name\":\"Handreflexzonenmassage\"}]},{\"@type\":\"WebSite\",\"@id\":\"https:\/\/procorpus.lu\/de\/#website\",\"url\":\"https:\/\/procorpus.lu\/de\/\",\"name\":\"ProCorpus\",\"description\":\"\",\"publisher\":{\"@id\":\"https:\/\/procorpus.lu\/de\/#\/schema\/person\/0c8416e55fecbb47a329843a1c7afed9\"},\"potentialAction\":[{\"@type\":\"SearchAction\",\"target\":{\"@type\":\"EntryPoint\",\"urlTemplate\":\"https:\/\/procorpus.lu\/de\/?s={search_term_string}\"},\"query-input\":{\"@type\":\"PropertyValueSpecification\",\"valueRequired\":true,\"valueName\":\"search_term_string\"}}],\"inLanguage\":\"fr-FR\"},{\"@type\":[\"Person\",\"Organization\"],\"@id\":\"https:\/\/procorpus.lu\/de\/#\/schema\/person\/0c8416e55fecbb47a329843a1c7afed9\",\"name\":\"Nicole Diederich\",\"image\":{\"@type\":\"ImageObject\",\"inLanguage\":\"fr-FR\",\"@id\":\"https:\/\/procorpus.lu\/de\/#\/schema\/person\/image\/\",\"url\":\"https:\/\/procorpus.lu\/de\/wp-content\/uploads\/2024\/02\/cropped-procorpus-logo.png\",\"contentUrl\":\"https:\/\/procorpus.lu\/de\/wp-content\/uploads\/2024\/02\/cropped-procorpus-logo.png\",\"width\":799,\"height\":428,\"caption\":\"Nicole Diederich\"},\"logo\":{\"@id\":\"https:\/\/procorpus.lu\/de\/#\/schema\/person\/image\/\"},\"description\":\"Multi-r\u00e9flexologie certifi\u00e9e par REFLEXOLOGIE IN EUROPE NEXUS &amp; Soins \u00c9nerg\u00e9tiques et Ayurvediques \/ Multi-reflexologie zertifiziert von REFLEXOLOGIE IN EUROPE NEXUS &amp; Energeetesch an Ayurvedesch Soins\",\"sameAs\":[\"http:\/\/procorpus.lu\/de\",\"https:\/\/www.facebook.com\/people\/Pro-Corpus-Diederich-Nicole\/61550679693712\/\"]}]}<\/script>\n<!-- \/ Yoast SEO plugin. -->","yoast_head_json":{"title":"Handreflexzonenmassage - ProCorpus","robots":{"index":"index","follow":"follow","max-snippet":"max-snippet:-1","max-image-preview":"max-image-preview:large","max-video-preview":"max-video-preview:-1"},"canonical":"https:\/\/procorpus.lu\/de\/fr\/handreflexzonenmassage\/","og_locale":"fr_FR","og_type":"article","og_title":"Handreflexzonenmassage - ProCorpus","og_description":"Handreflexzonentherapie Nach traditioneller chinesischer Medizin (TCM) Die Behandlung Das Ziel dieser Reflexzonenmassage ist es, Spannungen abzubauen, Schmerzen zu lindern und die Person zu beruhigen. Die Hand bietet den Vorteil, dass sie jederzeit verf\u00fcgbar ist. Die Reflexzonen sind kleiner und weniger empfindlich. Sie kann eine Alternative zur Fu\u00dfreflexzonenmassage f\u00fcr diejenigen sein, die es nicht ertragen k\u00f6nnen, [&hellip;]","og_url":"https:\/\/procorpus.lu\/de\/fr\/handreflexzonenmassage\/","og_site_name":"ProCorpus","article_publisher":"https:\/\/www.facebook.com\/people\/Pro-Corpus-Diederich-Nicole\/61550679693712\/","article_modified_time":"2024-06-06T17:10:12+00:00","twitter_card":"summary_large_image","schema":{"@context":"https:\/\/schema.org","@graph":[{"@type":"WebPage","@id":"https:\/\/procorpus.lu\/de\/handreflexzonenmassage\/","url":"https:\/\/procorpus.lu\/de\/handreflexzonenmassage\/","name":"Handreflexzonenmassage - ProCorpus","isPartOf":{"@id":"https:\/\/procorpus.lu\/de\/#website"},"datePublished":"2024-02-07T18:20:43+00:00","dateModified":"2024-06-06T17:10:12+00:00","breadcrumb":{"@id":"https:\/\/procorpus.lu\/de\/handreflexzonenmassage\/#breadcrumb"},"inLanguage":"fr-FR","potentialAction":[{"@type":"ReadAction","target":["https:\/\/procorpus.lu\/de\/handreflexzonenmassage\/"]}]},{"@type":"BreadcrumbList","@id":"https:\/\/procorpus.lu\/de\/handreflexzonenmassage\/#breadcrumb","itemListElement":[{"@type":"ListItem","position":1,"name":"Startseite","item":"https:\/\/procorpus.lu\/de\/"},{"@type":"ListItem","position":2,"name":"Handreflexzonenmassage"}]},{"@type":"WebSite","@id":"https:\/\/procorpus.lu\/de\/#website","url":"https:\/\/procorpus.lu\/de\/","name":"ProCorpus","description":"","publisher":{"@id":"https:\/\/procorpus.lu\/de\/#\/schema\/person\/0c8416e55fecbb47a329843a1c7afed9"},"potentialAction":[{"@type":"SearchAction","target":{"@type":"EntryPoint","urlTemplate":"https:\/\/procorpus.lu\/de\/?s={search_term_string}"},"query-input":{"@type":"PropertyValueSpecification","valueRequired":true,"valueName":"search_term_string"}}],"inLanguage":"fr-FR"},{"@type":["Person","Organization"],"@id":"https:\/\/procorpus.lu\/de\/#\/schema\/person\/0c8416e55fecbb47a329843a1c7afed9","name":"Nicole Diederich","image":{"@type":"ImageObject","inLanguage":"fr-FR","@id":"https:\/\/procorpus.lu\/de\/#\/schema\/person\/image\/","url":"https:\/\/procorpus.lu\/de\/wp-content\/uploads\/2024\/02\/cropped-procorpus-logo.png","contentUrl":"https:\/\/procorpus.lu\/de\/wp-content\/uploads\/2024\/02\/cropped-procorpus-logo.png","width":799,"height":428,"caption":"Nicole Diederich"},"logo":{"@id":"https:\/\/procorpus.lu\/de\/#\/schema\/person\/image\/"},"description":"Multi-r\u00e9flexologie certifi\u00e9e par REFLEXOLOGIE IN EUROPE NEXUS &amp; Soins \u00c9nerg\u00e9tiques et Ayurvediques \/ Multi-reflexologie zertifiziert von REFLEXOLOGIE IN EUROPE NEXUS &amp; Energeetesch an Ayurvedesch Soins","sameAs":["http:\/\/procorpus.lu\/de","https:\/\/www.facebook.com\/people\/Pro-Corpus-Diederich-Nicole\/61550679693712\/"]}]}},"rttpg_featured_image_url":null,"rttpg_author":{"display_name":"Nicole Diederich","author_link":"https:\/\/procorpus.lu\/de\/fr\/author\/jtzbwgte1\/"},"rttpg_comment":0,"rttpg_category":null,"rttpg_excerpt":"Handreflexzonentherapie Nach traditioneller chinesischer Medizin (TCM) Die Behandlung Das Ziel dieser Reflexzonenmassage ist es, Spannungen abzubauen, Schmerzen zu lindern und die Person zu beruhigen. Die Hand bietet den Vorteil, dass sie jederzeit verf\u00fcgbar ist. Die Reflexzonen sind kleiner und weniger empfindlich. Sie kann eine Alternative zur Fu\u00dfreflexzonenmassage f\u00fcr diejenigen sein, die es nicht ertragen k\u00f6nnen,\u2026","_links":{"self":[{"href":"https:\/\/procorpus.lu\/de\/fr\/wp-json\/wp\/v2\/pages\/641","targetHints":{"allow":["GET"]}}],"collection":[{"href":"https:\/\/procorpus.lu\/de\/fr\/wp-json\/wp\/v2\/pages"}],"about":[{"href":"https:\/\/procorpus.lu\/de\/fr\/wp-json\/wp\/v2\/types\/page"}],"author":[{"embeddable":true,"href":"https:\/\/procorpus.lu\/de\/fr\/wp-json\/wp\/v2\/users\/1"}],"replies":[{"embeddable":true,"href":"https:\/\/procorpus.lu\/de\/fr\/wp-json\/wp\/v2\/comments?post=641"}],"version-history":[{"count":41,"href":"https:\/\/procorpus.lu\/de\/fr\/wp-json\/wp\/v2\/pages\/641\/revisions"}],"predecessor-version":[{"id":2210,"href":"https:\/\/procorpus.lu\/de\/fr\/wp-json\/wp\/v2\/pages\/641\/revisions\/2210"}],"wp:attachment":[{"href":"https:\/\/procorpus.lu\/de\/fr\/wp-json\/wp\/v2\/media?parent=641"}],"curies":[{"name":"wp","href":"https:\/\/api.w.org\/{rel}","templated":true}]}}