{"id":579,"date":"2024-02-07T18:11:27","date_gmt":"2024-02-07T17:11:27","guid":{"rendered":"http:\/\/procorpus.lu\/de\/?page_id=579"},"modified":"2024-06-06T13:52:23","modified_gmt":"2024-06-06T11:52:23","slug":"behandlungen","status":"publish","type":"page","link":"https:\/\/procorpus.lu\/de\/fr\/behandlungen\/","title":{"rendered":"Traitements"},"content":{"rendered":"<div data-elementor-type=\"wp-page\" data-elementor-id=\"579\" class=\"elementor elementor-579\">\n\t\t\t\t<div class=\"elementor-element elementor-element-2f44df3 e-flex e-con-boxed e-con e-parent\" data-id=\"2f44df3\" data-element_type=\"container\">\n\t\t\t\t\t<div class=\"e-con-inner\">\n\t\t<div class=\"elementor-element elementor-element-c5426e6 e-flex e-con-boxed e-con e-child\" data-id=\"c5426e6\" data-element_type=\"container\">\n\t\t\t\t\t<div class=\"e-con-inner\">\n\t\t\t\t<div class=\"elementor-element elementor-element-472c235 elementor-widget elementor-widget-heading\" data-id=\"472c235\" data-element_type=\"widget\" data-widget_type=\"heading.default\">\n\t\t\t\t<div class=\"elementor-widget-container\">\n\t\t\t\t\t<h1 class=\"elementor-heading-title elementor-size-default\">Traitements<\/h1>\t\t\t\t<\/div>\n\t\t\t\t<\/div>\n\t\t\t\t\t<\/div>\n\t\t\t\t<\/div>\n\t\t<div class=\"elementor-element elementor-element-f3f130a e-flex e-con-boxed e-con e-child\" data-id=\"f3f130a\" data-element_type=\"container\">\n\t\t\t\t\t<div class=\"e-con-inner\">\n\t\t<div class=\"elementor-element elementor-element-668bda0 e-flex e-con-boxed e-con e-child\" data-id=\"668bda0\" data-element_type=\"container\">\n\t\t\t\t\t<div class=\"e-con-inner\">\n\t\t<div class=\"elementor-element elementor-element-658fe5e e-con-full e-flex e-con e-child\" data-id=\"658fe5e\" data-element_type=\"container\">\n\t\t\t\t<div class=\"elementor-element elementor-element-afdce95 e-transform elementor-position-top elementor-widget elementor-widget-image-box\" data-id=\"afdce95\" data-element_type=\"widget\" data-settings=\"{&quot;_transform_scale_effect_hover&quot;:{&quot;unit&quot;:&quot;px&quot;,&quot;size&quot;:1.05,&quot;sizes&quot;:[]},&quot;_transform_scale_effect_hover_tablet&quot;:{&quot;unit&quot;:&quot;px&quot;,&quot;size&quot;:&quot;&quot;,&quot;sizes&quot;:[]},&quot;_transform_scale_effect_hover_mobile&quot;:{&quot;unit&quot;:&quot;px&quot;,&quot;size&quot;:&quot;&quot;,&quot;sizes&quot;:[]}}\" data-widget_type=\"image-box.default\">\n\t\t\t\t<div class=\"elementor-widget-container\">\n\t\t\t\t\t<div class=\"elementor-image-box-wrapper\"><figure class=\"elementor-image-box-img\"><a href=\"http:\/\/procorpus.lu\/de\/fr\/fussreflexzonentherapie\/\" tabindex=\"-1\"><img fetchpriority=\"high\" decoding=\"async\" width=\"500\" height=\"333\" src=\"https:\/\/procorpus.lu\/de\/wp-content\/uploads\/2024\/03\/premium_photo-1661434642905-27ad958bab4a-ezgif.com-avif-to-jpg-converter.jpg\" class=\"attachment-full size-full wp-image-989\" alt=\"\" srcset=\"https:\/\/procorpus.lu\/de\/wp-content\/uploads\/2024\/03\/premium_photo-1661434642905-27ad958bab4a-ezgif.com-avif-to-jpg-converter.jpg 500w, https:\/\/procorpus.lu\/de\/wp-content\/uploads\/2024\/03\/premium_photo-1661434642905-27ad958bab4a-ezgif.com-avif-to-jpg-converter-300x200.jpg 300w\" sizes=\"(max-width: 500px) 100vw, 500px\" \/><\/a><\/figure><div class=\"elementor-image-box-content\"><h3 class=\"elementor-image-box-title\"><a href=\"http:\/\/procorpus.lu\/de\/fr\/fussreflexzonentherapie\/\">R\u00e9flexologie Plantaire<\/a><\/h3><\/div><\/div>\t\t\t\t<\/div>\n\t\t\t\t<\/div>\n\t\t\t\t<\/div>\n\t\t<div class=\"elementor-element elementor-element-a27c48d e-con-full e-flex e-con e-child\" data-id=\"a27c48d\" data-element_type=\"container\">\n\t\t\t\t<div class=\"elementor-element elementor-element-3817046 e-transform elementor-position-top elementor-widget elementor-widget-image-box\" data-id=\"3817046\" data-element_type=\"widget\" data-settings=\"{&quot;_transform_scale_effect_hover&quot;:{&quot;unit&quot;:&quot;px&quot;,&quot;size&quot;:1.05,&quot;sizes&quot;:[]},&quot;_transform_scale_effect_hover_tablet&quot;:{&quot;unit&quot;:&quot;px&quot;,&quot;size&quot;:&quot;&quot;,&quot;sizes&quot;:[]},&quot;_transform_scale_effect_hover_mobile&quot;:{&quot;unit&quot;:&quot;px&quot;,&quot;size&quot;:&quot;&quot;,&quot;sizes&quot;:[]}}\" data-widget_type=\"image-box.default\">\n\t\t\t\t<div class=\"elementor-widget-container\">\n\t\t\t\t\t<div class=\"elementor-image-box-wrapper\"><figure class=\"elementor-image-box-img\"><a href=\"http:\/\/procorpus.lu\/de\/fr\/fussreflexologie-fuer-pediatrie\/\" tabindex=\"-1\"><img decoding=\"async\" width=\"500\" height=\"333\" src=\"https:\/\/procorpus.lu\/de\/wp-content\/uploads\/2024\/03\/premium_photo-1661401900226-afb20663a45c.jpg\" class=\"attachment-full size-full wp-image-990\" alt=\"\" srcset=\"https:\/\/procorpus.lu\/de\/wp-content\/uploads\/2024\/03\/premium_photo-1661401900226-afb20663a45c.jpg 500w, https:\/\/procorpus.lu\/de\/wp-content\/uploads\/2024\/03\/premium_photo-1661401900226-afb20663a45c-300x200.jpg 300w\" sizes=\"(max-width: 500px) 100vw, 500px\" \/><\/a><\/figure><div class=\"elementor-image-box-content\"><h3 class=\"elementor-image-box-title\"><a href=\"http:\/\/procorpus.lu\/de\/fr\/fussreflexologie-fuer-pediatrie\/\">R\u00e9flexologie Plantaire P\u00e9diatrique <br>+ Futures Mamans<\/a><\/h3><\/div><\/div>\t\t\t\t<\/div>\n\t\t\t\t<\/div>\n\t\t\t\t<\/div>\n\t\t<div class=\"elementor-element elementor-element-3202035 e-con-full e-flex e-con e-child\" data-id=\"3202035\" data-element_type=\"container\">\n\t\t\t\t<div class=\"elementor-element elementor-element-16d0819 e-transform elementor-position-top elementor-widget elementor-widget-image-box\" data-id=\"16d0819\" data-element_type=\"widget\" data-settings=\"{&quot;_transform_scale_effect_hover&quot;:{&quot;unit&quot;:&quot;px&quot;,&quot;size&quot;:1.05,&quot;sizes&quot;:[]},&quot;_transform_scale_effect_hover_tablet&quot;:{&quot;unit&quot;:&quot;px&quot;,&quot;size&quot;:&quot;&quot;,&quot;sizes&quot;:[]},&quot;_transform_scale_effect_hover_mobile&quot;:{&quot;unit&quot;:&quot;px&quot;,&quot;size&quot;:&quot;&quot;,&quot;sizes&quot;:[]}}\" data-widget_type=\"image-box.default\">\n\t\t\t\t<div class=\"elementor-widget-container\">\n\t\t\t\t\t<div class=\"elementor-image-box-wrapper\"><figure class=\"elementor-image-box-img\"><a href=\"http:\/\/procorpus.lu\/de\/fr\/handreflexzonenmassage\/\" tabindex=\"-1\"><img decoding=\"async\" width=\"2560\" height=\"1707\" src=\"https:\/\/procorpus.lu\/de\/wp-content\/uploads\/2024\/06\/DSC01389-scaled.jpg\" class=\"attachment-full size-full wp-image-2116\" alt=\"\" srcset=\"https:\/\/procorpus.lu\/de\/wp-content\/uploads\/2024\/06\/DSC01389-scaled.jpg 2560w, https:\/\/procorpus.lu\/de\/wp-content\/uploads\/2024\/06\/DSC01389-300x200.jpg 300w, https:\/\/procorpus.lu\/de\/wp-content\/uploads\/2024\/06\/DSC01389-1024x683.jpg 1024w, https:\/\/procorpus.lu\/de\/wp-content\/uploads\/2024\/06\/DSC01389-768x512.jpg 768w, https:\/\/procorpus.lu\/de\/wp-content\/uploads\/2024\/06\/DSC01389-1536x1024.jpg 1536w, https:\/\/procorpus.lu\/de\/wp-content\/uploads\/2024\/06\/DSC01389-2048x1365.jpg 2048w, https:\/\/procorpus.lu\/de\/wp-content\/uploads\/2024\/06\/DSC01389-600x400.jpg 600w\" sizes=\"(max-width: 2560px) 100vw, 2560px\" \/><\/a><\/figure><div class=\"elementor-image-box-content\"><h3 class=\"elementor-image-box-title\"><a href=\"http:\/\/procorpus.lu\/de\/fr\/handreflexzonenmassage\/\">R\u00e9flexologie Palmaire<\/a><\/h3><\/div><\/div>\t\t\t\t<\/div>\n\t\t\t\t<\/div>\n\t\t\t\t<\/div>\n\t\t<div class=\"elementor-element elementor-element-d413f35 e-con-full e-flex e-con e-child\" data-id=\"d413f35\" data-element_type=\"container\">\n\t\t\t\t<div class=\"elementor-element elementor-element-efb4885 e-transform elementor-position-top elementor-widget elementor-widget-image-box\" data-id=\"efb4885\" data-element_type=\"widget\" data-settings=\"{&quot;_transform_scale_effect_hover&quot;:{&quot;unit&quot;:&quot;px&quot;,&quot;size&quot;:1.05,&quot;sizes&quot;:[]},&quot;_transform_scale_effect_hover_tablet&quot;:{&quot;unit&quot;:&quot;px&quot;,&quot;size&quot;:&quot;&quot;,&quot;sizes&quot;:[]},&quot;_transform_scale_effect_hover_mobile&quot;:{&quot;unit&quot;:&quot;px&quot;,&quot;size&quot;:&quot;&quot;,&quot;sizes&quot;:[]}}\" data-widget_type=\"image-box.default\">\n\t\t\t\t<div class=\"elementor-widget-container\">\n\t\t\t\t\t<div class=\"elementor-image-box-wrapper\"><figure class=\"elementor-image-box-img\"><a href=\"http:\/\/procorpus.lu\/de\/fr\/shinzu-the-face\/\" tabindex=\"-1\"><img decoding=\"async\" src=\"https:\/\/procorpus.lu\/de\/wp-content\/uploads\/elementor\/thumbs\/DSC01650-qp8bls6ikm8cpqk3pstcjdicmhljcalk4rfp6prhfm.jpg\" title=\"DSC01650\" alt=\"DSC01650\" loading=\"lazy\" \/><\/a><\/figure><div class=\"elementor-image-box-content\"><h3 class=\"elementor-image-box-title\"><a href=\"http:\/\/procorpus.lu\/de\/fr\/shinzu-the-face\/\">Shinzu<br> The Face\u2122\u200b<\/a><\/h3><\/div><\/div>\t\t\t\t<\/div>\n\t\t\t\t<\/div>\n\t\t\t\t<\/div>\n\t\t\t\t\t<\/div>\n\t\t\t\t<\/div>\n\t\t\t\t\t<\/div>\n\t\t\t\t<\/div>\n\t\t\t\t\t<\/div>\n\t\t\t\t<\/div>\n\t\t<div class=\"elementor-element elementor-element-d6086ac e-flex e-con-boxed e-con e-parent\" data-id=\"d6086ac\" data-element_type=\"container\">\n\t\t\t\t\t<div class=\"e-con-inner\">\n\t\t\t\t<div class=\"elementor-element elementor-element-3812a5b elementor-widget elementor-widget-text-editor\" data-id=\"3812a5b\" data-element_type=\"widget\" data-widget_type=\"text-editor.default\">\n\t\t\t\t<div class=\"elementor-widget-container\">\n\t\t\t\t\t\t\t\t\t<p>Les tarifs et d'autres informations sur les diff\u00e9rents traitements sont disponibles sous <span style=\"text-decoration: underline;\"><strong><a href=\"http:\/\/procorpus.lu\/de\/fr\/fragen-antworten\/\">Services, Questions &amp; R\u00e9ponses<\/a><\/strong><\/span><\/p>\t\t\t\t\t\t\t\t<\/div>\n\t\t\t\t<\/div>\n\t\t\t\t\t<\/div>\n\t\t\t\t<\/div>\n\t\t\t\t<\/div>","protected":false},"excerpt":{"rendered":"<p>Behandlungen Fu\u00dfreflexzonen-therapie Fu\u00dfreflexologie f\u00fcr Pediatrie + werdende M\u00fctter Handreflexzonen-therapie Shinzu The Face\u2122\u200b Tarife und weitere Informationen zu den verschiedenen Behandlungen gibt es unter Services, Fragen &amp; Antworten<\/p>","protected":false},"author":1,"featured_media":0,"parent":0,"menu_order":0,"comment_status":"closed","ping_status":"closed","template":"","meta":{"footnotes":""},"class_list":["post-579","page","type-page","status-publish","hentry"],"yoast_head":"<!-- This site is optimized with the Yoast SEO plugin v26.0 - https:\/\/yoast.com\/wordpress\/plugins\/seo\/ -->\n<title>Behandlungen - ProCorpus<\/title>\n<meta name=\"robots\" content=\"index, follow, max-snippet:-1, max-image-preview:large, max-video-preview:-1\" \/>\n<link rel=\"canonical\" href=\"https:\/\/procorpus.lu\/de\/fr\/behandlungen\/\" \/>\n<meta property=\"og:locale\" content=\"fr_FR\" \/>\n<meta property=\"og:type\" content=\"article\" \/>\n<meta property=\"og:title\" content=\"Behandlungen - ProCorpus\" \/>\n<meta property=\"og:description\" content=\"Behandlungen Fu\u00dfreflexzonen-therapie Fu\u00dfreflexologie f\u00fcr Pediatrie + werdende M\u00fctter Handreflexzonen-therapie Shinzu The Face\u2122\u200b Tarife und weitere Informationen zu den verschiedenen Behandlungen gibt es unter Services, Fragen &amp; Antworten\" \/>\n<meta property=\"og:url\" content=\"https:\/\/procorpus.lu\/de\/fr\/behandlungen\/\" \/>\n<meta property=\"og:site_name\" content=\"ProCorpus\" \/>\n<meta property=\"article:publisher\" content=\"https:\/\/www.facebook.com\/people\/Pro-Corpus-Diederich-Nicole\/61550679693712\/\" \/>\n<meta property=\"article:modified_time\" content=\"2024-06-06T11:52:23+00:00\" \/>\n<meta property=\"og:image\" content=\"https:\/\/procorpus.lu\/de\/wp-content\/uploads\/2024\/03\/premium_photo-1661434642905-27ad958bab4a-ezgif.com-avif-to-jpg-converter.jpg\" \/>\n<meta name=\"twitter:card\" content=\"summary_large_image\" \/>\n<script type=\"application\/ld+json\" class=\"yoast-schema-graph\">{\"@context\":\"https:\/\/schema.org\",\"@graph\":[{\"@type\":\"WebPage\",\"@id\":\"https:\/\/procorpus.lu\/de\/behandlungen\/\",\"url\":\"https:\/\/procorpus.lu\/de\/behandlungen\/\",\"name\":\"Behandlungen - ProCorpus\",\"isPartOf\":{\"@id\":\"https:\/\/procorpus.lu\/de\/#website\"},\"primaryImageOfPage\":{\"@id\":\"https:\/\/procorpus.lu\/de\/behandlungen\/#primaryimage\"},\"image\":{\"@id\":\"https:\/\/procorpus.lu\/de\/behandlungen\/#primaryimage\"},\"thumbnailUrl\":\"https:\/\/procorpus.lu\/de\/wp-content\/uploads\/2024\/03\/premium_photo-1661434642905-27ad958bab4a-ezgif.com-avif-to-jpg-converter.jpg\",\"datePublished\":\"2024-02-07T17:11:27+00:00\",\"dateModified\":\"2024-06-06T11:52:23+00:00\",\"breadcrumb\":{\"@id\":\"https:\/\/procorpus.lu\/de\/behandlungen\/#breadcrumb\"},\"inLanguage\":\"fr-FR\",\"potentialAction\":[{\"@type\":\"ReadAction\",\"target\":[\"https:\/\/procorpus.lu\/de\/behandlungen\/\"]}]},{\"@type\":\"ImageObject\",\"inLanguage\":\"fr-FR\",\"@id\":\"https:\/\/procorpus.lu\/de\/behandlungen\/#primaryimage\",\"url\":\"https:\/\/procorpus.lu\/de\/wp-content\/uploads\/2024\/03\/premium_photo-1661434642905-27ad958bab4a-ezgif.com-avif-to-jpg-converter.jpg\",\"contentUrl\":\"https:\/\/procorpus.lu\/de\/wp-content\/uploads\/2024\/03\/premium_photo-1661434642905-27ad958bab4a-ezgif.com-avif-to-jpg-converter.jpg\"},{\"@type\":\"BreadcrumbList\",\"@id\":\"https:\/\/procorpus.lu\/de\/behandlungen\/#breadcrumb\",\"itemListElement\":[{\"@type\":\"ListItem\",\"position\":1,\"name\":\"Startseite\",\"item\":\"https:\/\/procorpus.lu\/de\/\"},{\"@type\":\"ListItem\",\"position\":2,\"name\":\"Behandlungen\"}]},{\"@type\":\"WebSite\",\"@id\":\"https:\/\/procorpus.lu\/de\/#website\",\"url\":\"https:\/\/procorpus.lu\/de\/\",\"name\":\"ProCorpus\",\"description\":\"\",\"publisher\":{\"@id\":\"https:\/\/procorpus.lu\/de\/#\/schema\/person\/0c8416e55fecbb47a329843a1c7afed9\"},\"potentialAction\":[{\"@type\":\"SearchAction\",\"target\":{\"@type\":\"EntryPoint\",\"urlTemplate\":\"https:\/\/procorpus.lu\/de\/?s={search_term_string}\"},\"query-input\":{\"@type\":\"PropertyValueSpecification\",\"valueRequired\":true,\"valueName\":\"search_term_string\"}}],\"inLanguage\":\"fr-FR\"},{\"@type\":[\"Person\",\"Organization\"],\"@id\":\"https:\/\/procorpus.lu\/de\/#\/schema\/person\/0c8416e55fecbb47a329843a1c7afed9\",\"name\":\"Nicole Diederich\",\"image\":{\"@type\":\"ImageObject\",\"inLanguage\":\"fr-FR\",\"@id\":\"https:\/\/procorpus.lu\/de\/#\/schema\/person\/image\/\",\"url\":\"https:\/\/procorpus.lu\/de\/wp-content\/uploads\/2024\/02\/cropped-procorpus-logo.png\",\"contentUrl\":\"https:\/\/procorpus.lu\/de\/wp-content\/uploads\/2024\/02\/cropped-procorpus-logo.png\",\"width\":799,\"height\":428,\"caption\":\"Nicole Diederich\"},\"logo\":{\"@id\":\"https:\/\/procorpus.lu\/de\/#\/schema\/person\/image\/\"},\"description\":\"Multi-r\u00e9flexologie certifi\u00e9e par REFLEXOLOGIE IN EUROPE NEXUS &amp; Soins \u00c9nerg\u00e9tiques et Ayurvediques \/ Multi-reflexologie zertifiziert von REFLEXOLOGIE IN EUROPE NEXUS &amp; Energeetesch an Ayurvedesch Soins\",\"sameAs\":[\"http:\/\/procorpus.lu\/de\",\"https:\/\/www.facebook.com\/people\/Pro-Corpus-Diederich-Nicole\/61550679693712\/\"]}]}<\/script>\n<!-- \/ Yoast SEO plugin. -->","yoast_head_json":{"title":"Behandlungen - ProCorpus","robots":{"index":"index","follow":"follow","max-snippet":"max-snippet:-1","max-image-preview":"max-image-preview:large","max-video-preview":"max-video-preview:-1"},"canonical":"https:\/\/procorpus.lu\/de\/fr\/behandlungen\/","og_locale":"fr_FR","og_type":"article","og_title":"Behandlungen - ProCorpus","og_description":"Behandlungen Fu\u00dfreflexzonen-therapie Fu\u00dfreflexologie f\u00fcr Pediatrie + werdende M\u00fctter Handreflexzonen-therapie Shinzu The Face\u2122\u200b Tarife und weitere Informationen zu den verschiedenen Behandlungen gibt es unter Services, Fragen &amp; Antworten","og_url":"https:\/\/procorpus.lu\/de\/fr\/behandlungen\/","og_site_name":"ProCorpus","article_publisher":"https:\/\/www.facebook.com\/people\/Pro-Corpus-Diederich-Nicole\/61550679693712\/","article_modified_time":"2024-06-06T11:52:23+00:00","og_image":[{"url":"https:\/\/procorpus.lu\/de\/wp-content\/uploads\/2024\/03\/premium_photo-1661434642905-27ad958bab4a-ezgif.com-avif-to-jpg-converter.jpg","type":"","width":"","height":""}],"twitter_card":"summary_large_image","schema":{"@context":"https:\/\/schema.org","@graph":[{"@type":"WebPage","@id":"https:\/\/procorpus.lu\/de\/behandlungen\/","url":"https:\/\/procorpus.lu\/de\/behandlungen\/","name":"Behandlungen - ProCorpus","isPartOf":{"@id":"https:\/\/procorpus.lu\/de\/#website"},"primaryImageOfPage":{"@id":"https:\/\/procorpus.lu\/de\/behandlungen\/#primaryimage"},"image":{"@id":"https:\/\/procorpus.lu\/de\/behandlungen\/#primaryimage"},"thumbnailUrl":"https:\/\/procorpus.lu\/de\/wp-content\/uploads\/2024\/03\/premium_photo-1661434642905-27ad958bab4a-ezgif.com-avif-to-jpg-converter.jpg","datePublished":"2024-02-07T17:11:27+00:00","dateModified":"2024-06-06T11:52:23+00:00","breadcrumb":{"@id":"https:\/\/procorpus.lu\/de\/behandlungen\/#breadcrumb"},"inLanguage":"fr-FR","potentialAction":[{"@type":"ReadAction","target":["https:\/\/procorpus.lu\/de\/behandlungen\/"]}]},{"@type":"ImageObject","inLanguage":"fr-FR","@id":"https:\/\/procorpus.lu\/de\/behandlungen\/#primaryimage","url":"https:\/\/procorpus.lu\/de\/wp-content\/uploads\/2024\/03\/premium_photo-1661434642905-27ad958bab4a-ezgif.com-avif-to-jpg-converter.jpg","contentUrl":"https:\/\/procorpus.lu\/de\/wp-content\/uploads\/2024\/03\/premium_photo-1661434642905-27ad958bab4a-ezgif.com-avif-to-jpg-converter.jpg"},{"@type":"BreadcrumbList","@id":"https:\/\/procorpus.lu\/de\/behandlungen\/#breadcrumb","itemListElement":[{"@type":"ListItem","position":1,"name":"Startseite","item":"https:\/\/procorpus.lu\/de\/"},{"@type":"ListItem","position":2,"name":"Behandlungen"}]},{"@type":"WebSite","@id":"https:\/\/procorpus.lu\/de\/#website","url":"https:\/\/procorpus.lu\/de\/","name":"ProCorpus","description":"","publisher":{"@id":"https:\/\/procorpus.lu\/de\/#\/schema\/person\/0c8416e55fecbb47a329843a1c7afed9"},"potentialAction":[{"@type":"SearchAction","target":{"@type":"EntryPoint","urlTemplate":"https:\/\/procorpus.lu\/de\/?s={search_term_string}"},"query-input":{"@type":"PropertyValueSpecification","valueRequired":true,"valueName":"search_term_string"}}],"inLanguage":"fr-FR"},{"@type":["Person","Organization"],"@id":"https:\/\/procorpus.lu\/de\/#\/schema\/person\/0c8416e55fecbb47a329843a1c7afed9","name":"Nicole Diederich","image":{"@type":"ImageObject","inLanguage":"fr-FR","@id":"https:\/\/procorpus.lu\/de\/#\/schema\/person\/image\/","url":"https:\/\/procorpus.lu\/de\/wp-content\/uploads\/2024\/02\/cropped-procorpus-logo.png","contentUrl":"https:\/\/procorpus.lu\/de\/wp-content\/uploads\/2024\/02\/cropped-procorpus-logo.png","width":799,"height":428,"caption":"Nicole Diederich"},"logo":{"@id":"https:\/\/procorpus.lu\/de\/#\/schema\/person\/image\/"},"description":"Multi-r\u00e9flexologie certifi\u00e9e par REFLEXOLOGIE IN EUROPE NEXUS &amp; Soins \u00c9nerg\u00e9tiques et Ayurvediques \/ Multi-reflexologie zertifiziert von REFLEXOLOGIE IN EUROPE NEXUS &amp; Energeetesch an Ayurvedesch Soins","sameAs":["http:\/\/procorpus.lu\/de","https:\/\/www.facebook.com\/people\/Pro-Corpus-Diederich-Nicole\/61550679693712\/"]}]}},"rttpg_featured_image_url":null,"rttpg_author":{"display_name":"Nicole Diederich","author_link":"https:\/\/procorpus.lu\/de\/fr\/author\/jtzbwgte1\/"},"rttpg_comment":0,"rttpg_category":null,"rttpg_excerpt":"Behandlungen Fu\u00dfreflexzonen-therapie Fu\u00dfreflexologie f\u00fcr Pediatrie + werdende M\u00fctter Handreflexzonen-therapie Shinzu The Face\u2122\u200b Tarife und weitere Informationen zu den verschiedenen Behandlungen gibt es unter Services, Fragen &amp; Antworten","_links":{"self":[{"href":"https:\/\/procorpus.lu\/de\/fr\/wp-json\/wp\/v2\/pages\/579","targetHints":{"allow":["GET"]}}],"collection":[{"href":"https:\/\/procorpus.lu\/de\/fr\/wp-json\/wp\/v2\/pages"}],"about":[{"href":"https:\/\/procorpus.lu\/de\/fr\/wp-json\/wp\/v2\/types\/page"}],"author":[{"embeddable":true,"href":"https:\/\/procorpus.lu\/de\/fr\/wp-json\/wp\/v2\/users\/1"}],"replies":[{"embeddable":true,"href":"https:\/\/procorpus.lu\/de\/fr\/wp-json\/wp\/v2\/comments?post=579"}],"version-history":[{"count":101,"href":"https:\/\/procorpus.lu\/de\/fr\/wp-json\/wp\/v2\/pages\/579\/revisions"}],"predecessor-version":[{"id":2194,"href":"https:\/\/procorpus.lu\/de\/fr\/wp-json\/wp\/v2\/pages\/579\/revisions\/2194"}],"wp:attachment":[{"href":"https:\/\/procorpus.lu\/de\/fr\/wp-json\/wp\/v2\/media?parent=579"}],"curies":[{"name":"wp","href":"https:\/\/api.w.org\/{rel}","templated":true}]}}