{"id":577,"date":"2024-02-07T18:10:49","date_gmt":"2024-02-07T17:10:49","guid":{"rendered":"http:\/\/procorpus.lu\/de\/?page_id=577"},"modified":"2024-06-06T08:17:00","modified_gmt":"2024-06-06T06:17:00","slug":"ueber-mich","status":"publish","type":"page","link":"https:\/\/procorpus.lu\/de\/fr\/ueber-mich\/","title":{"rendered":"\u00c0 propos de moi"},"content":{"rendered":"<div data-elementor-type=\"wp-page\" data-elementor-id=\"577\" class=\"elementor elementor-577\">\n\t\t\t\t<div class=\"elementor-element elementor-element-8a70c87 e-flex e-con-boxed e-con e-parent\" data-id=\"8a70c87\" data-element_type=\"container\" data-settings=\"{&quot;background_background&quot;:&quot;classic&quot;}\">\n\t\t\t\t\t<div class=\"e-con-inner\">\n\t\t<div class=\"elementor-element elementor-element-6c27236 e-flex e-con-boxed e-con e-child\" data-id=\"6c27236\" data-element_type=\"container\">\n\t\t\t\t\t<div class=\"e-con-inner\">\n\t\t\t\t<div class=\"elementor-element elementor-element-5c2e12b elementor-widget elementor-widget-heading\" data-id=\"5c2e12b\" data-element_type=\"widget\" data-widget_type=\"heading.default\">\n\t\t\t\t<div class=\"elementor-widget-container\">\n\t\t\t\t\t<h2 class=\"elementor-heading-title elementor-size-default\">\u00c0 propos de moi<\/h2>\t\t\t\t<\/div>\n\t\t\t\t<\/div>\n\t\t<div class=\"elementor-element elementor-element-06ad867 e-flex e-con-boxed e-con e-child\" data-id=\"06ad867\" data-element_type=\"container\">\n\t\t\t\t\t<div class=\"e-con-inner\">\n\t\t<div class=\"elementor-element elementor-element-0982bd3 e-flex e-con-boxed e-con e-child\" data-id=\"0982bd3\" data-element_type=\"container\" data-settings=\"{&quot;background_background&quot;:&quot;classic&quot;}\">\n\t\t\t\t\t<div class=\"e-con-inner\">\n\t\t\t\t<div class=\"elementor-element elementor-element-7e9c82e elementor-widget__width-initial elementor-widget elementor-widget-image\" data-id=\"7e9c82e\" data-element_type=\"widget\" data-widget_type=\"image.default\">\n\t\t\t\t<div class=\"elementor-widget-container\">\n\t\t\t\t\t\t\t\t\t\t\t\t\t\t\t<img fetchpriority=\"high\" decoding=\"async\" width=\"683\" height=\"1024\" src=\"https:\/\/procorpus.lu\/de\/wp-content\/uploads\/2024\/06\/DSC01439-683x1024.jpg\" class=\"attachment-large size-large wp-image-2118\" alt=\"\" srcset=\"https:\/\/procorpus.lu\/de\/wp-content\/uploads\/2024\/06\/DSC01439-683x1024.jpg 683w, https:\/\/procorpus.lu\/de\/wp-content\/uploads\/2024\/06\/DSC01439-200x300.jpg 200w, https:\/\/procorpus.lu\/de\/wp-content\/uploads\/2024\/06\/DSC01439-768x1152.jpg 768w, https:\/\/procorpus.lu\/de\/wp-content\/uploads\/2024\/06\/DSC01439-1024x1536.jpg 1024w, https:\/\/procorpus.lu\/de\/wp-content\/uploads\/2024\/06\/DSC01439-600x900.jpg 600w, https:\/\/procorpus.lu\/de\/wp-content\/uploads\/2024\/06\/DSC01439.jpg 1365w\" sizes=\"(max-width: 683px) 100vw, 683px\" \/>\t\t\t\t\t\t\t\t\t\t\t\t\t\t\t<\/div>\n\t\t\t\t<\/div>\n\t\t\t\t\t<\/div>\n\t\t\t\t<\/div>\n\t\t<div class=\"elementor-element elementor-element-6dc9723 e-flex e-con-boxed e-con e-child\" data-id=\"6dc9723\" data-element_type=\"container\">\n\t\t\t\t\t<div class=\"e-con-inner\">\n\t\t\t\t<div class=\"elementor-element elementor-element-929a416 elementor-widget elementor-widget-text-editor\" data-id=\"929a416\" data-element_type=\"widget\" data-widget_type=\"text-editor.default\">\n\t\t\t\t<div class=\"elementor-widget-container\">\n\t\t\t\t\t\t\t\t\t<p>Je travaille depuis 35 ans avec des personnes et j'ai toujours eu \u00e0 c\u0153ur de soutenir les gens dans les diff\u00e9rentes \u00e9tapes de leur vie.<\/p><p class=\"translation-block\">Apr\u00e8s ma formation et ma certification en r\u00e9flexologie plantaire th\u00e9rapeutique au \u201e<span style=\"text-decoration: underline\"><a href=\"https:\/\/www.centredereflexologieluxembourg.lu\/\" target=\"_self\">Centre de R\u00e9flexologie du Luxembourg<\/a><\/span>\u201c j'ai ressenti le besoin d'accompagner les personnes et de leur permettre de retrouver leur force et leur \u00e9quilibre.<\/p><p>La magie dans l'exercice du m\u00e9tier de r\u00e9flexologue r\u00e9side dans le toucher harmonieux des points r\u00e9flexes sp\u00e9cifiques au niveau des pieds et des mains. Ceci dans l'\u00e9coute attentive avec la persuasion d'aider le corps \u00e0 se r\u00e9guler et \u00e0 activer ses forces d'autogu\u00e9rison.<\/p><p>\"Vos pieds dans mes mains\"<\/p>\t\t\t\t\t\t\t\t<\/div>\n\t\t\t\t<\/div>\n\t\t\t\t\t<\/div>\n\t\t\t\t<\/div>\n\t\t\t\t\t<\/div>\n\t\t\t\t<\/div>\n\t\t\t\t\t<\/div>\n\t\t\t\t<\/div>\n\t\t\t\t\t<\/div>\n\t\t\t\t<\/div>\n\t\t\t\t<\/div>","protected":false},"excerpt":{"rendered":"<p>\u00dcber mich Ich arbeite seit 35 Jahren mit Menschen zusammen und mir lag es immer am Herzen, Menschen in den verschiedenen Phasen ihres Lebens zu unterst\u00fctzen. Nach meiner Ausbildung und Zertifizierung in therapeutischer Fu\u00dfreflexzonenmassage im &#8222;Centre de R\u00e9flexologie du Luxembourg&#8220; hatte ich das Bed\u00fcrfnis Menschen zu begleiten und ihnen es zu erm\u00f6glichen, ihre Kraft und [&hellip;]<\/p>","protected":false},"author":1,"featured_media":0,"parent":0,"menu_order":0,"comment_status":"closed","ping_status":"closed","template":"","meta":{"footnotes":""},"class_list":["post-577","page","type-page","status-publish","hentry"],"yoast_head":"<!-- This site is optimized with the Yoast SEO plugin v26.0 - https:\/\/yoast.com\/wordpress\/plugins\/seo\/ -->\n<title>\u00dcber mich - ProCorpus<\/title>\n<meta name=\"robots\" content=\"index, follow, max-snippet:-1, max-image-preview:large, max-video-preview:-1\" \/>\n<link rel=\"canonical\" href=\"https:\/\/procorpus.lu\/de\/fr\/ueber-mich\/\" \/>\n<meta property=\"og:locale\" content=\"fr_FR\" \/>\n<meta property=\"og:type\" content=\"article\" \/>\n<meta property=\"og:title\" content=\"\u00dcber mich - ProCorpus\" \/>\n<meta property=\"og:description\" content=\"\u00dcber mich Ich arbeite seit 35 Jahren mit Menschen zusammen und mir lag es immer am Herzen, Menschen in den verschiedenen Phasen ihres Lebens zu unterst\u00fctzen. Nach meiner Ausbildung und Zertifizierung in therapeutischer Fu\u00dfreflexzonenmassage im &#8222;Centre de R\u00e9flexologie du Luxembourg&#8220; hatte ich das Bed\u00fcrfnis Menschen zu begleiten und ihnen es zu erm\u00f6glichen, ihre Kraft und [&hellip;]\" \/>\n<meta property=\"og:url\" content=\"https:\/\/procorpus.lu\/de\/fr\/ueber-mich\/\" \/>\n<meta property=\"og:site_name\" content=\"ProCorpus\" \/>\n<meta property=\"article:publisher\" content=\"https:\/\/www.facebook.com\/people\/Pro-Corpus-Diederich-Nicole\/61550679693712\/\" \/>\n<meta property=\"article:modified_time\" content=\"2024-06-06T06:17:00+00:00\" \/>\n<meta property=\"og:image\" content=\"https:\/\/procorpus.lu\/de\/wp-content\/uploads\/2024\/06\/DSC01439-683x1024.jpg\" \/>\n<meta name=\"twitter:card\" content=\"summary_large_image\" \/>\n<meta name=\"twitter:label1\" content=\"Dur\u00e9e de lecture estim\u00e9e\" \/>\n\t<meta name=\"twitter:data1\" content=\"1 minute\" \/>\n<script type=\"application\/ld+json\" class=\"yoast-schema-graph\">{\"@context\":\"https:\/\/schema.org\",\"@graph\":[{\"@type\":\"WebPage\",\"@id\":\"https:\/\/procorpus.lu\/de\/ueber-mich\/\",\"url\":\"https:\/\/procorpus.lu\/de\/ueber-mich\/\",\"name\":\"\u00dcber mich - ProCorpus\",\"isPartOf\":{\"@id\":\"https:\/\/procorpus.lu\/de\/#website\"},\"primaryImageOfPage\":{\"@id\":\"https:\/\/procorpus.lu\/de\/ueber-mich\/#primaryimage\"},\"image\":{\"@id\":\"https:\/\/procorpus.lu\/de\/ueber-mich\/#primaryimage\"},\"thumbnailUrl\":\"https:\/\/procorpus.lu\/de\/wp-content\/uploads\/2024\/06\/DSC01439-683x1024.jpg\",\"datePublished\":\"2024-02-07T17:10:49+00:00\",\"dateModified\":\"2024-06-06T06:17:00+00:00\",\"breadcrumb\":{\"@id\":\"https:\/\/procorpus.lu\/de\/ueber-mich\/#breadcrumb\"},\"inLanguage\":\"fr-FR\",\"potentialAction\":[{\"@type\":\"ReadAction\",\"target\":[\"https:\/\/procorpus.lu\/de\/ueber-mich\/\"]}]},{\"@type\":\"ImageObject\",\"inLanguage\":\"fr-FR\",\"@id\":\"https:\/\/procorpus.lu\/de\/ueber-mich\/#primaryimage\",\"url\":\"https:\/\/procorpus.lu\/de\/wp-content\/uploads\/2024\/06\/DSC01439-683x1024.jpg\",\"contentUrl\":\"https:\/\/procorpus.lu\/de\/wp-content\/uploads\/2024\/06\/DSC01439-683x1024.jpg\"},{\"@type\":\"BreadcrumbList\",\"@id\":\"https:\/\/procorpus.lu\/de\/ueber-mich\/#breadcrumb\",\"itemListElement\":[{\"@type\":\"ListItem\",\"position\":1,\"name\":\"Startseite\",\"item\":\"https:\/\/procorpus.lu\/de\/\"},{\"@type\":\"ListItem\",\"position\":2,\"name\":\"\u00dcber mich\"}]},{\"@type\":\"WebSite\",\"@id\":\"https:\/\/procorpus.lu\/de\/#website\",\"url\":\"https:\/\/procorpus.lu\/de\/\",\"name\":\"ProCorpus\",\"description\":\"\",\"publisher\":{\"@id\":\"https:\/\/procorpus.lu\/de\/#\/schema\/person\/0c8416e55fecbb47a329843a1c7afed9\"},\"potentialAction\":[{\"@type\":\"SearchAction\",\"target\":{\"@type\":\"EntryPoint\",\"urlTemplate\":\"https:\/\/procorpus.lu\/de\/?s={search_term_string}\"},\"query-input\":{\"@type\":\"PropertyValueSpecification\",\"valueRequired\":true,\"valueName\":\"search_term_string\"}}],\"inLanguage\":\"fr-FR\"},{\"@type\":[\"Person\",\"Organization\"],\"@id\":\"https:\/\/procorpus.lu\/de\/#\/schema\/person\/0c8416e55fecbb47a329843a1c7afed9\",\"name\":\"Nicole Diederich\",\"image\":{\"@type\":\"ImageObject\",\"inLanguage\":\"fr-FR\",\"@id\":\"https:\/\/procorpus.lu\/de\/#\/schema\/person\/image\/\",\"url\":\"https:\/\/procorpus.lu\/de\/wp-content\/uploads\/2024\/02\/cropped-procorpus-logo.png\",\"contentUrl\":\"https:\/\/procorpus.lu\/de\/wp-content\/uploads\/2024\/02\/cropped-procorpus-logo.png\",\"width\":799,\"height\":428,\"caption\":\"Nicole Diederich\"},\"logo\":{\"@id\":\"https:\/\/procorpus.lu\/de\/#\/schema\/person\/image\/\"},\"description\":\"Multi-r\u00e9flexologie certifi\u00e9e par REFLEXOLOGIE IN EUROPE NEXUS &amp; Soins \u00c9nerg\u00e9tiques et Ayurvediques \/ Multi-reflexologie zertifiziert von REFLEXOLOGIE IN EUROPE NEXUS &amp; Energeetesch an Ayurvedesch Soins\",\"sameAs\":[\"http:\/\/procorpus.lu\/de\",\"https:\/\/www.facebook.com\/people\/Pro-Corpus-Diederich-Nicole\/61550679693712\/\"]}]}<\/script>\n<!-- \/ Yoast SEO plugin. -->","yoast_head_json":{"title":"\u00dcber mich - ProCorpus","robots":{"index":"index","follow":"follow","max-snippet":"max-snippet:-1","max-image-preview":"max-image-preview:large","max-video-preview":"max-video-preview:-1"},"canonical":"https:\/\/procorpus.lu\/de\/fr\/ueber-mich\/","og_locale":"fr_FR","og_type":"article","og_title":"\u00dcber mich - ProCorpus","og_description":"\u00dcber mich Ich arbeite seit 35 Jahren mit Menschen zusammen und mir lag es immer am Herzen, Menschen in den verschiedenen Phasen ihres Lebens zu unterst\u00fctzen. Nach meiner Ausbildung und Zertifizierung in therapeutischer Fu\u00dfreflexzonenmassage im &#8222;Centre de R\u00e9flexologie du Luxembourg&#8220; hatte ich das Bed\u00fcrfnis Menschen zu begleiten und ihnen es zu erm\u00f6glichen, ihre Kraft und [&hellip;]","og_url":"https:\/\/procorpus.lu\/de\/fr\/ueber-mich\/","og_site_name":"ProCorpus","article_publisher":"https:\/\/www.facebook.com\/people\/Pro-Corpus-Diederich-Nicole\/61550679693712\/","article_modified_time":"2024-06-06T06:17:00+00:00","og_image":[{"url":"https:\/\/procorpus.lu\/de\/wp-content\/uploads\/2024\/06\/DSC01439-683x1024.jpg","type":"","width":"","height":""}],"twitter_card":"summary_large_image","twitter_misc":{"Dur\u00e9e de lecture estim\u00e9e":"1 minute"},"schema":{"@context":"https:\/\/schema.org","@graph":[{"@type":"WebPage","@id":"https:\/\/procorpus.lu\/de\/ueber-mich\/","url":"https:\/\/procorpus.lu\/de\/ueber-mich\/","name":"\u00dcber mich - ProCorpus","isPartOf":{"@id":"https:\/\/procorpus.lu\/de\/#website"},"primaryImageOfPage":{"@id":"https:\/\/procorpus.lu\/de\/ueber-mich\/#primaryimage"},"image":{"@id":"https:\/\/procorpus.lu\/de\/ueber-mich\/#primaryimage"},"thumbnailUrl":"https:\/\/procorpus.lu\/de\/wp-content\/uploads\/2024\/06\/DSC01439-683x1024.jpg","datePublished":"2024-02-07T17:10:49+00:00","dateModified":"2024-06-06T06:17:00+00:00","breadcrumb":{"@id":"https:\/\/procorpus.lu\/de\/ueber-mich\/#breadcrumb"},"inLanguage":"fr-FR","potentialAction":[{"@type":"ReadAction","target":["https:\/\/procorpus.lu\/de\/ueber-mich\/"]}]},{"@type":"ImageObject","inLanguage":"fr-FR","@id":"https:\/\/procorpus.lu\/de\/ueber-mich\/#primaryimage","url":"https:\/\/procorpus.lu\/de\/wp-content\/uploads\/2024\/06\/DSC01439-683x1024.jpg","contentUrl":"https:\/\/procorpus.lu\/de\/wp-content\/uploads\/2024\/06\/DSC01439-683x1024.jpg"},{"@type":"BreadcrumbList","@id":"https:\/\/procorpus.lu\/de\/ueber-mich\/#breadcrumb","itemListElement":[{"@type":"ListItem","position":1,"name":"Startseite","item":"https:\/\/procorpus.lu\/de\/"},{"@type":"ListItem","position":2,"name":"\u00dcber mich"}]},{"@type":"WebSite","@id":"https:\/\/procorpus.lu\/de\/#website","url":"https:\/\/procorpus.lu\/de\/","name":"ProCorpus","description":"","publisher":{"@id":"https:\/\/procorpus.lu\/de\/#\/schema\/person\/0c8416e55fecbb47a329843a1c7afed9"},"potentialAction":[{"@type":"SearchAction","target":{"@type":"EntryPoint","urlTemplate":"https:\/\/procorpus.lu\/de\/?s={search_term_string}"},"query-input":{"@type":"PropertyValueSpecification","valueRequired":true,"valueName":"search_term_string"}}],"inLanguage":"fr-FR"},{"@type":["Person","Organization"],"@id":"https:\/\/procorpus.lu\/de\/#\/schema\/person\/0c8416e55fecbb47a329843a1c7afed9","name":"Nicole Diederich","image":{"@type":"ImageObject","inLanguage":"fr-FR","@id":"https:\/\/procorpus.lu\/de\/#\/schema\/person\/image\/","url":"https:\/\/procorpus.lu\/de\/wp-content\/uploads\/2024\/02\/cropped-procorpus-logo.png","contentUrl":"https:\/\/procorpus.lu\/de\/wp-content\/uploads\/2024\/02\/cropped-procorpus-logo.png","width":799,"height":428,"caption":"Nicole Diederich"},"logo":{"@id":"https:\/\/procorpus.lu\/de\/#\/schema\/person\/image\/"},"description":"Multi-r\u00e9flexologie certifi\u00e9e par REFLEXOLOGIE IN EUROPE NEXUS &amp; Soins \u00c9nerg\u00e9tiques et Ayurvediques \/ Multi-reflexologie zertifiziert von REFLEXOLOGIE IN EUROPE NEXUS &amp; Energeetesch an Ayurvedesch Soins","sameAs":["http:\/\/procorpus.lu\/de","https:\/\/www.facebook.com\/people\/Pro-Corpus-Diederich-Nicole\/61550679693712\/"]}]}},"rttpg_featured_image_url":null,"rttpg_author":{"display_name":"Nicole Diederich","author_link":"https:\/\/procorpus.lu\/de\/fr\/author\/jtzbwgte1\/"},"rttpg_comment":0,"rttpg_category":null,"rttpg_excerpt":"\u00dcber mich Ich arbeite seit 35 Jahren mit Menschen zusammen und mir lag es immer am Herzen, Menschen in den verschiedenen Phasen ihres Lebens zu unterst\u00fctzen. Nach meiner Ausbildung und Zertifizierung in therapeutischer Fu\u00dfreflexzonenmassage im &#8222;Centre de R\u00e9flexologie du Luxembourg&#8220; hatte ich das Bed\u00fcrfnis Menschen zu begleiten und ihnen es zu erm\u00f6glichen, ihre Kraft und\u2026","_links":{"self":[{"href":"https:\/\/procorpus.lu\/de\/fr\/wp-json\/wp\/v2\/pages\/577","targetHints":{"allow":["GET"]}}],"collection":[{"href":"https:\/\/procorpus.lu\/de\/fr\/wp-json\/wp\/v2\/pages"}],"about":[{"href":"https:\/\/procorpus.lu\/de\/fr\/wp-json\/wp\/v2\/types\/page"}],"author":[{"embeddable":true,"href":"https:\/\/procorpus.lu\/de\/fr\/wp-json\/wp\/v2\/users\/1"}],"replies":[{"embeddable":true,"href":"https:\/\/procorpus.lu\/de\/fr\/wp-json\/wp\/v2\/comments?post=577"}],"version-history":[{"count":160,"href":"https:\/\/procorpus.lu\/de\/fr\/wp-json\/wp\/v2\/pages\/577\/revisions"}],"predecessor-version":[{"id":2158,"href":"https:\/\/procorpus.lu\/de\/fr\/wp-json\/wp\/v2\/pages\/577\/revisions\/2158"}],"wp:attachment":[{"href":"https:\/\/procorpus.lu\/de\/fr\/wp-json\/wp\/v2\/media?parent=577"}],"curies":[{"name":"wp","href":"https:\/\/api.w.org\/{rel}","templated":true}]}}